{"id":3441180,"date":"2025-10-09T23:03:46","date_gmt":"2025-10-10T03:03:46","guid":{"rendered":"https:\/\/stoic-curie.212-227-153-4.plesk.page\/product\/nautical-messer-shark-9-blau-9-cm\/"},"modified":"2026-02-24T23:35:20","modified_gmt":"2026-02-24T23:35:20","slug":"nautical-messer-shark-9-blau-9-cm","status":"publish","type":"product","link":"https:\/\/stoic-curie.212-227-153-4.plesk.page\/de\/product\/nautical-messer-shark-9-blau-9-cm\/","title":{"rendered":"Nautical Messer Shark 9 Blau 9 cm"},"content":{"rendered":"<p>Nautical Messer Shark 9 Blau 9 cm &#8211; <\/p>\n<p>Kompaktes Tauchmesser mit Schnurschneider, Scheide und G\u00fcrtel. Klinge aus rostfreiem Stahl W1.4028. Die Klinge sollte nach der Benutzung mit frischem Wasser abgesp\u00fclt und ge\u00f6lt werden.<\/p>\n","protected":false},"excerpt":{"rendered":"<p>Nautical Messer Shark 9 Blau 9 cm &#8211; Kompaktes Tauchmesser mit Schnurschneider, Scheide und G\u00fcrtel. Klinge aus rostfreiem Stahl W1.4028.<\/p>\n","protected":false},"featured_media":5948173,"comment_status":"closed","ping_status":"closed","template":"","meta":[],"product_brand":[3080],"product_cat":[1569],"product_tag":[],"class_list":{"0":"post-3441180","1":"product","2":"type-product","3":"status-publish","4":"has-post-thumbnail","6":"product_brand-macs-de","7":"product_cat-segelmesser-und-werkzeuge","9":"first","10":"instock","11":"shipping-taxable","12":"purchasable","13":"product-type-simple"},"_links":{"self":[{"href":"https:\/\/stoic-curie.212-227-153-4.plesk.page\/de\/wp-json\/wp\/v2\/product\/3441180","targetHints":{"allow":["GET"]}}],"collection":[{"href":"https:\/\/stoic-curie.212-227-153-4.plesk.page\/de\/wp-json\/wp\/v2\/product"}],"about":[{"href":"https:\/\/stoic-curie.212-227-153-4.plesk.page\/de\/wp-json\/wp\/v2\/types\/product"}],"replies":[{"embeddable":true,"href":"https:\/\/stoic-curie.212-227-153-4.plesk.page\/de\/wp-json\/wp\/v2\/comments?post=3441180"}],"version-history":[{"count":0,"href":"https:\/\/stoic-curie.212-227-153-4.plesk.page\/de\/wp-json\/wp\/v2\/product\/3441180\/revisions"}],"wp:featuredmedia":[{"embeddable":true,"href":"https:\/\/stoic-curie.212-227-153-4.plesk.page\/de\/wp-json\/wp\/v2\/media\/5948173"}],"wp:attachment":[{"href":"https:\/\/stoic-curie.212-227-153-4.plesk.page\/de\/wp-json\/wp\/v2\/media?parent=3441180"}],"wp:term":[{"taxonomy":"product_brand","embeddable":true,"href":"https:\/\/stoic-curie.212-227-153-4.plesk.page\/de\/wp-json\/wp\/v2\/product_brand?post=3441180"},{"taxonomy":"product_cat","embeddable":true,"href":"https:\/\/stoic-curie.212-227-153-4.plesk.page\/de\/wp-json\/wp\/v2\/product_cat?post=3441180"},{"taxonomy":"product_tag","embeddable":true,"href":"https:\/\/stoic-curie.212-227-153-4.plesk.page\/de\/wp-json\/wp\/v2\/product_tag?post=3441180"}],"curies":[{"name":"wp","href":"https:\/\/api.w.org\/{rel}","templated":true}]}}