{"id":3441316,"date":"2025-10-09T23:03:51","date_gmt":"2025-10-10T03:03:51","guid":{"rendered":"https:\/\/stoic-curie.212-227-153-4.plesk.page\/product\/modularer-spanner-edelstahl-offenes-gehaeuse-m8\/"},"modified":"2026-02-24T23:35:20","modified_gmt":"2026-02-24T23:35:20","slug":"modularer-spanner-edelstahl-offenes-gehaeuse-m8","status":"publish","type":"product","link":"https:\/\/stoic-curie.212-227-153-4.plesk.page\/de\/product\/modularer-spanner-edelstahl-offenes-gehaeuse-m8\/","title":{"rendered":"Modularer Spanner &#8211; Edelstahl offenes Geh\u00e4use M8"},"content":{"rendered":"<p>Modularer Spanner &#8211; Edelstahl offenes Geh\u00e4use M8 &#8211; <\/p>\n<p>Modular Spannschrauben aus 316 Edelstahl. Komponenten m\u00fcssen separat erworben werden, um die gew\u00fcnschte Unterlegschraube zusammenzustellen. L = Linksg\u00e4ngig R = Rechsg\u00e4ngig<\/p>\n","protected":false},"excerpt":{"rendered":"<p>Modularer Spanner &#8211; Edelstahl offenes Geh\u00e4use M8 &#8211; Modular Spannschrauben aus 316 Edelstahl. Komponenten m\u00fcssen separat erworben werden, um die<\/p>\n","protected":false},"featured_media":5947257,"comment_status":"closed","ping_status":"closed","template":"","meta":[],"product_brand":[3120],"product_cat":[1414,1470],"product_tag":[],"class_list":{"0":"post-3441316","1":"product","2":"type-product","3":"status-publish","4":"has-post-thumbnail","6":"product_brand-marinetech-de","7":"product_cat-kabelspanner","8":"product_cat-stellbolzen-und-stageneinsteller","10":"first","11":"instock","12":"shipping-taxable","13":"purchasable","14":"product-type-simple"},"_links":{"self":[{"href":"https:\/\/stoic-curie.212-227-153-4.plesk.page\/de\/wp-json\/wp\/v2\/product\/3441316","targetHints":{"allow":["GET"]}}],"collection":[{"href":"https:\/\/stoic-curie.212-227-153-4.plesk.page\/de\/wp-json\/wp\/v2\/product"}],"about":[{"href":"https:\/\/stoic-curie.212-227-153-4.plesk.page\/de\/wp-json\/wp\/v2\/types\/product"}],"replies":[{"embeddable":true,"href":"https:\/\/stoic-curie.212-227-153-4.plesk.page\/de\/wp-json\/wp\/v2\/comments?post=3441316"}],"version-history":[{"count":0,"href":"https:\/\/stoic-curie.212-227-153-4.plesk.page\/de\/wp-json\/wp\/v2\/product\/3441316\/revisions"}],"wp:featuredmedia":[{"embeddable":true,"href":"https:\/\/stoic-curie.212-227-153-4.plesk.page\/de\/wp-json\/wp\/v2\/media\/5947257"}],"wp:attachment":[{"href":"https:\/\/stoic-curie.212-227-153-4.plesk.page\/de\/wp-json\/wp\/v2\/media?parent=3441316"}],"wp:term":[{"taxonomy":"product_brand","embeddable":true,"href":"https:\/\/stoic-curie.212-227-153-4.plesk.page\/de\/wp-json\/wp\/v2\/product_brand?post=3441316"},{"taxonomy":"product_cat","embeddable":true,"href":"https:\/\/stoic-curie.212-227-153-4.plesk.page\/de\/wp-json\/wp\/v2\/product_cat?post=3441316"},{"taxonomy":"product_tag","embeddable":true,"href":"https:\/\/stoic-curie.212-227-153-4.plesk.page\/de\/wp-json\/wp\/v2\/product_tag?post=3441316"}],"curies":[{"name":"wp","href":"https:\/\/api.w.org\/{rel}","templated":true}]}}