{"id":3441656,"date":"2025-10-09T23:04:05","date_gmt":"2025-10-10T03:04:05","guid":{"rendered":"https:\/\/stoic-curie.212-227-153-4.plesk.page\/product\/edelstahl-schnellklemme-mit-gabel-fuer-kabel-3-mm\/"},"modified":"2026-02-24T23:35:20","modified_gmt":"2026-02-24T23:35:20","slug":"edelstahl-schnellklemme-mit-gabel-fuer-kabel-3-mm","status":"publish","type":"product","link":"https:\/\/stoic-curie.212-227-153-4.plesk.page\/de\/product\/edelstahl-schnellklemme-mit-gabel-fuer-kabel-3-mm\/","title":{"rendered":"Edelstahl-Schnellklemme mit Gabel f\u00fcr Kabel 3 mm"},"content":{"rendered":"<p>Edelstahl-Schnellklemme mit Gabel f\u00fcr Kabel 3 mm &#8211; <\/p>\n<p>Swageless Gabeltermin\u00e4le aus 316 Edelstahl. Au\u00dfergew\u00f6hnliche Haltekraft, die gleich dem Drahtbruchlast ist. Einfach zu montieren, einfach den Draht in den Terminal einf\u00fcgen und die Spindel f\u00e4ngt ihn automatisch ein. Geeignet f\u00fcr alle Arten von Stahlseilen (19\/49\/133 Dr\u00e4hte).<\/p>\n","protected":false},"excerpt":{"rendered":"<p>Edelstahl-Schnellklemme mit Gabel f\u00fcr Kabel 3 mm &#8211; Swageless Gabeltermin\u00e4le aus 316 Edelstahl. Au\u00dfergew\u00f6hnliche Haltekraft, die gleich dem Drahtbruchlast ist.<\/p>\n","protected":false},"featured_media":5935756,"comment_status":"closed","ping_status":"closed","template":"","meta":[],"product_brand":[3120],"product_cat":[1409,1478],"product_tag":[],"class_list":{"0":"post-3441656","1":"product","2":"type-product","3":"status-publish","4":"has-post-thumbnail","6":"product_brand-marinetech-de","7":"product_cat-edelstahl-seilendklemmen","8":"product_cat-segelbootbeschlaege","10":"first","11":"instock","12":"shipping-taxable","13":"purchasable","14":"product-type-simple"},"_links":{"self":[{"href":"https:\/\/stoic-curie.212-227-153-4.plesk.page\/de\/wp-json\/wp\/v2\/product\/3441656","targetHints":{"allow":["GET"]}}],"collection":[{"href":"https:\/\/stoic-curie.212-227-153-4.plesk.page\/de\/wp-json\/wp\/v2\/product"}],"about":[{"href":"https:\/\/stoic-curie.212-227-153-4.plesk.page\/de\/wp-json\/wp\/v2\/types\/product"}],"replies":[{"embeddable":true,"href":"https:\/\/stoic-curie.212-227-153-4.plesk.page\/de\/wp-json\/wp\/v2\/comments?post=3441656"}],"version-history":[{"count":0,"href":"https:\/\/stoic-curie.212-227-153-4.plesk.page\/de\/wp-json\/wp\/v2\/product\/3441656\/revisions"}],"wp:featuredmedia":[{"embeddable":true,"href":"https:\/\/stoic-curie.212-227-153-4.plesk.page\/de\/wp-json\/wp\/v2\/media\/5935756"}],"wp:attachment":[{"href":"https:\/\/stoic-curie.212-227-153-4.plesk.page\/de\/wp-json\/wp\/v2\/media?parent=3441656"}],"wp:term":[{"taxonomy":"product_brand","embeddable":true,"href":"https:\/\/stoic-curie.212-227-153-4.plesk.page\/de\/wp-json\/wp\/v2\/product_brand?post=3441656"},{"taxonomy":"product_cat","embeddable":true,"href":"https:\/\/stoic-curie.212-227-153-4.plesk.page\/de\/wp-json\/wp\/v2\/product_cat?post=3441656"},{"taxonomy":"product_tag","embeddable":true,"href":"https:\/\/stoic-curie.212-227-153-4.plesk.page\/de\/wp-json\/wp\/v2\/product_tag?post=3441656"}],"curies":[{"name":"wp","href":"https:\/\/api.w.org\/{rel}","templated":true}]}}