{"id":3441796,"date":"2025-10-09T23:04:10","date_gmt":"2025-10-10T03:04:10","guid":{"rendered":"https:\/\/stoic-curie.212-227-153-4.plesk.page\/product\/blaues-kissen-fuer-handlauf-33cm\/"},"modified":"2026-02-24T23:35:20","modified_gmt":"2026-02-24T23:35:20","slug":"blaues-kissen-fuer-handlauf-33cm","status":"publish","type":"product","link":"https:\/\/stoic-curie.212-227-153-4.plesk.page\/de\/product\/blaues-kissen-fuer-handlauf-33cm\/","title":{"rendered":"Blaues Kissen f\u00fcr Handlauf 33cm"},"content":{"rendered":"<p>Blaues Kissen f\u00fcr Handlauf 33cm &#8211; <\/p>\n<p>Nicht absorbierender, UV-best\u00e4ndiger bezogener Stoffschutzpolster f\u00fcr das Gel\u00e4nder. Befestigung erfolgt durch die beiden B\u00e4nder an den Enden.<\/p>\n","protected":false},"excerpt":{"rendered":"<p>Blaues Kissen f\u00fcr Handlauf 33cm &#8211; Nicht absorbierender, UV-best\u00e4ndiger bezogener Stoffschutzpolster f\u00fcr das Gel\u00e4nder. Befestigung erfolgt durch die beiden B\u00e4nder<\/p>\n","protected":false},"featured_media":5948219,"comment_status":"closed","ping_status":"closed","template":"","meta":[],"product_brand":[3175],"product_cat":[1479],"product_tag":[],"class_list":{"0":"post-3441796","1":"product","2":"type-product","3":"status-publish","4":"has-post-thumbnail","6":"product_brand-navishell-de","7":"product_cat-abdeckungen-und-schutzhuellen","9":"first","10":"instock","11":"shipping-taxable","12":"purchasable","13":"product-type-simple"},"_links":{"self":[{"href":"https:\/\/stoic-curie.212-227-153-4.plesk.page\/de\/wp-json\/wp\/v2\/product\/3441796","targetHints":{"allow":["GET"]}}],"collection":[{"href":"https:\/\/stoic-curie.212-227-153-4.plesk.page\/de\/wp-json\/wp\/v2\/product"}],"about":[{"href":"https:\/\/stoic-curie.212-227-153-4.plesk.page\/de\/wp-json\/wp\/v2\/types\/product"}],"replies":[{"embeddable":true,"href":"https:\/\/stoic-curie.212-227-153-4.plesk.page\/de\/wp-json\/wp\/v2\/comments?post=3441796"}],"version-history":[{"count":0,"href":"https:\/\/stoic-curie.212-227-153-4.plesk.page\/de\/wp-json\/wp\/v2\/product\/3441796\/revisions"}],"wp:featuredmedia":[{"embeddable":true,"href":"https:\/\/stoic-curie.212-227-153-4.plesk.page\/de\/wp-json\/wp\/v2\/media\/5948219"}],"wp:attachment":[{"href":"https:\/\/stoic-curie.212-227-153-4.plesk.page\/de\/wp-json\/wp\/v2\/media?parent=3441796"}],"wp:term":[{"taxonomy":"product_brand","embeddable":true,"href":"https:\/\/stoic-curie.212-227-153-4.plesk.page\/de\/wp-json\/wp\/v2\/product_brand?post=3441796"},{"taxonomy":"product_cat","embeddable":true,"href":"https:\/\/stoic-curie.212-227-153-4.plesk.page\/de\/wp-json\/wp\/v2\/product_cat?post=3441796"},{"taxonomy":"product_tag","embeddable":true,"href":"https:\/\/stoic-curie.212-227-153-4.plesk.page\/de\/wp-json\/wp\/v2\/product_tag?post=3441796"}],"curies":[{"name":"wp","href":"https:\/\/api.w.org\/{rel}","templated":true}]}}