{"id":3441824,"date":"2025-10-09T23:04:12","date_gmt":"2025-10-10T03:04:12","guid":{"rendered":"https:\/\/stoic-curie.212-227-153-4.plesk.page\/product\/umlenkrolle-einzeln-mit-schwenkauge-sprenger-hs-36mm-fuer-leinen-bis-10mm\/"},"modified":"2026-02-24T23:35:20","modified_gmt":"2026-02-24T23:35:20","slug":"umlenkrolle-einzeln-mit-schwenkauge-sprenger-hs-36mm-fuer-leinen-bis-10mm","status":"publish","type":"product","link":"https:\/\/stoic-curie.212-227-153-4.plesk.page\/de\/product\/umlenkrolle-einzeln-mit-schwenkauge-sprenger-hs-36mm-fuer-leinen-bis-10mm\/","title":{"rendered":"Umlenkrolle Einzeln mit Schwenkauge Sprenger HS 36mm f\u00fcr Leinen bis 10mm"},"content":{"rendered":"<p>Umlenkrolle Einzeln mit Schwenkauge Sprenger HS 36mm f\u00fcr Leinen bis 10mm &#8211; <\/p>\n<p>Rollenlager HS-Bl\u00f6cke f\u00fcr Seile bis zu 10 mm. <br \/>Gleitlager: UV-best\u00e4ndiger Hi-Q-Kunststoff <br \/>Scheibendurchmesser 36 mm: UV-best\u00e4ndiger Hi-Q-Kunststoff <br \/>Wangen: UV-best\u00e4ndiger Hi-Q-Kunststoff und Edelstahlb\u00e4nder <br \/>Bruchlast: 850 kg.<\/p>\n","protected":false},"excerpt":{"rendered":"<p>Umlenkrolle Einzeln mit Schwenkauge Sprenger HS 36mm f\u00fcr Leinen bis 10mm &#8211; Rollenlager HS-Bl\u00f6cke f\u00fcr Seile bis zu 10 mm.<\/p>\n","protected":false},"featured_media":5948224,"comment_status":"closed","ping_status":"closed","template":"","meta":[],"product_brand":[3430],"product_cat":[1482],"product_tag":[],"class_list":{"0":"post-3441824","1":"product","2":"type-product","3":"status-publish","4":"has-post-thumbnail","6":"product_brand-sprenger-hs-de","7":"product_cat-sprenger-bloecke","9":"first","10":"instock","11":"shipping-taxable","12":"purchasable","13":"product-type-simple"},"_links":{"self":[{"href":"https:\/\/stoic-curie.212-227-153-4.plesk.page\/de\/wp-json\/wp\/v2\/product\/3441824","targetHints":{"allow":["GET"]}}],"collection":[{"href":"https:\/\/stoic-curie.212-227-153-4.plesk.page\/de\/wp-json\/wp\/v2\/product"}],"about":[{"href":"https:\/\/stoic-curie.212-227-153-4.plesk.page\/de\/wp-json\/wp\/v2\/types\/product"}],"replies":[{"embeddable":true,"href":"https:\/\/stoic-curie.212-227-153-4.plesk.page\/de\/wp-json\/wp\/v2\/comments?post=3441824"}],"version-history":[{"count":0,"href":"https:\/\/stoic-curie.212-227-153-4.plesk.page\/de\/wp-json\/wp\/v2\/product\/3441824\/revisions"}],"wp:featuredmedia":[{"embeddable":true,"href":"https:\/\/stoic-curie.212-227-153-4.plesk.page\/de\/wp-json\/wp\/v2\/media\/5948224"}],"wp:attachment":[{"href":"https:\/\/stoic-curie.212-227-153-4.plesk.page\/de\/wp-json\/wp\/v2\/media?parent=3441824"}],"wp:term":[{"taxonomy":"product_brand","embeddable":true,"href":"https:\/\/stoic-curie.212-227-153-4.plesk.page\/de\/wp-json\/wp\/v2\/product_brand?post=3441824"},{"taxonomy":"product_cat","embeddable":true,"href":"https:\/\/stoic-curie.212-227-153-4.plesk.page\/de\/wp-json\/wp\/v2\/product_cat?post=3441824"},{"taxonomy":"product_tag","embeddable":true,"href":"https:\/\/stoic-curie.212-227-153-4.plesk.page\/de\/wp-json\/wp\/v2\/product_tag?post=3441824"}],"curies":[{"name":"wp","href":"https:\/\/api.w.org\/{rel}","templated":true}]}}