{"id":3441903,"date":"2025-10-09T23:04:14","date_gmt":"2025-10-10T03:04:14","guid":{"rendered":"https:\/\/stoic-curie.212-227-153-4.plesk.page\/product\/dyneema-multicolor-spulen-farbe-rot-o-3-mm-laenge-15-m\/"},"modified":"2026-02-24T23:35:20","modified_gmt":"2026-02-24T23:35:20","slug":"dyneema-multicolor-spulen-farbe-rot-o-3-mm-laenge-15-m","status":"publish","type":"product","link":"https:\/\/stoic-curie.212-227-153-4.plesk.page\/de\/product\/dyneema-multicolor-spulen-farbe-rot-o-3-mm-laenge-15-m\/","title":{"rendered":"Dyneema Multicolor-Spulen Farbe Rot \u00f8 3 mm L\u00e4nge 15 m"},"content":{"rendered":"<p>Dyneema Multicolor-Spulen Farbe Rot \u00f8 3 mm L\u00e4nge 15 m &#8211; <\/p>\n<p>Mehrfarbige High-Tech-Dyneema-Kern-Braid-Mini-Spulen. Verwendbar als Mini-Schoten, Schoten, Leinen und f\u00fcr andere Zwecke.<\/p>\n","protected":false},"excerpt":{"rendered":"<p>Dyneema Multicolor-Spulen Farbe Rot \u00f8 3 mm L\u00e4nge 15 m &#8211; Mehrfarbige High-Tech-Dyneema-Kern-Braid-Mini-Spulen. Verwendbar als Mini-Schoten, Schoten, Leinen und f\u00fcr<\/p>\n","protected":false},"featured_media":5948233,"comment_status":"closed","ping_status":"closed","template":"","meta":[],"product_brand":[3235],"product_cat":[1480],"product_tag":[],"class_list":{"0":"post-3441903","1":"product","2":"type-product","3":"status-publish","4":"has-post-thumbnail","6":"product_brand-osculati-de","7":"product_cat-dyneema-seil","9":"first","10":"instock","11":"shipping-taxable","12":"purchasable","13":"product-type-simple"},"_links":{"self":[{"href":"https:\/\/stoic-curie.212-227-153-4.plesk.page\/de\/wp-json\/wp\/v2\/product\/3441903","targetHints":{"allow":["GET"]}}],"collection":[{"href":"https:\/\/stoic-curie.212-227-153-4.plesk.page\/de\/wp-json\/wp\/v2\/product"}],"about":[{"href":"https:\/\/stoic-curie.212-227-153-4.plesk.page\/de\/wp-json\/wp\/v2\/types\/product"}],"replies":[{"embeddable":true,"href":"https:\/\/stoic-curie.212-227-153-4.plesk.page\/de\/wp-json\/wp\/v2\/comments?post=3441903"}],"version-history":[{"count":0,"href":"https:\/\/stoic-curie.212-227-153-4.plesk.page\/de\/wp-json\/wp\/v2\/product\/3441903\/revisions"}],"wp:featuredmedia":[{"embeddable":true,"href":"https:\/\/stoic-curie.212-227-153-4.plesk.page\/de\/wp-json\/wp\/v2\/media\/5948233"}],"wp:attachment":[{"href":"https:\/\/stoic-curie.212-227-153-4.plesk.page\/de\/wp-json\/wp\/v2\/media?parent=3441903"}],"wp:term":[{"taxonomy":"product_brand","embeddable":true,"href":"https:\/\/stoic-curie.212-227-153-4.plesk.page\/de\/wp-json\/wp\/v2\/product_brand?post=3441903"},{"taxonomy":"product_cat","embeddable":true,"href":"https:\/\/stoic-curie.212-227-153-4.plesk.page\/de\/wp-json\/wp\/v2\/product_cat?post=3441903"},{"taxonomy":"product_tag","embeddable":true,"href":"https:\/\/stoic-curie.212-227-153-4.plesk.page\/de\/wp-json\/wp\/v2\/product_tag?post=3441903"}],"curies":[{"name":"wp","href":"https:\/\/api.w.org\/{rel}","templated":true}]}}