{"id":3441919,"date":"2025-10-09T23:04:15","date_gmt":"2025-10-10T03:04:15","guid":{"rendered":"https:\/\/stoic-curie.212-227-153-4.plesk.page\/product\/dyneema-multicolor-spulen-farbe-gelb-o-2-mm-laenge-30-m\/"},"modified":"2026-02-24T23:35:20","modified_gmt":"2026-02-24T23:35:20","slug":"dyneema-multicolor-spulen-farbe-gelb-o-2-mm-laenge-30-m","status":"publish","type":"product","link":"https:\/\/stoic-curie.212-227-153-4.plesk.page\/de\/product\/dyneema-multicolor-spulen-farbe-gelb-o-2-mm-laenge-30-m\/","title":{"rendered":"Dyneema Multicolor-Spulen Farbe Gelb \u00f8 2 mm L\u00e4nge 30 m"},"content":{"rendered":"<p>Dyneema Multicolor-Spulen Farbe Gelb \u00f8 2 mm L\u00e4nge 30 m &#8211; <\/p>\n<p>Mehrfarbige Hi-Tech-Dyneema-Kern-Geflecht-Mini-Spulen. Zum Einsatz als Mini-Sheets, Fallen, Leinen und f\u00fcr andere Zwecke.<\/p>\n","protected":false},"excerpt":{"rendered":"<p>Dyneema Multicolor-Spulen Farbe Gelb \u00f8 2 mm L\u00e4nge 30 m &#8211; Mehrfarbige Hi-Tech-Dyneema-Kern-Geflecht-Mini-Spulen. Zum Einsatz als Mini-Sheets, Fallen, Leinen und<\/p>\n","protected":false},"featured_media":5948233,"comment_status":"closed","ping_status":"closed","template":"","meta":[],"product_brand":[3235],"product_cat":[1480],"product_tag":[],"class_list":{"0":"post-3441919","1":"product","2":"type-product","3":"status-publish","4":"has-post-thumbnail","6":"product_brand-osculati-de","7":"product_cat-dyneema-seil","9":"first","10":"instock","11":"shipping-taxable","12":"purchasable","13":"product-type-simple"},"_links":{"self":[{"href":"https:\/\/stoic-curie.212-227-153-4.plesk.page\/de\/wp-json\/wp\/v2\/product\/3441919","targetHints":{"allow":["GET"]}}],"collection":[{"href":"https:\/\/stoic-curie.212-227-153-4.plesk.page\/de\/wp-json\/wp\/v2\/product"}],"about":[{"href":"https:\/\/stoic-curie.212-227-153-4.plesk.page\/de\/wp-json\/wp\/v2\/types\/product"}],"replies":[{"embeddable":true,"href":"https:\/\/stoic-curie.212-227-153-4.plesk.page\/de\/wp-json\/wp\/v2\/comments?post=3441919"}],"version-history":[{"count":0,"href":"https:\/\/stoic-curie.212-227-153-4.plesk.page\/de\/wp-json\/wp\/v2\/product\/3441919\/revisions"}],"wp:featuredmedia":[{"embeddable":true,"href":"https:\/\/stoic-curie.212-227-153-4.plesk.page\/de\/wp-json\/wp\/v2\/media\/5948233"}],"wp:attachment":[{"href":"https:\/\/stoic-curie.212-227-153-4.plesk.page\/de\/wp-json\/wp\/v2\/media?parent=3441919"}],"wp:term":[{"taxonomy":"product_brand","embeddable":true,"href":"https:\/\/stoic-curie.212-227-153-4.plesk.page\/de\/wp-json\/wp\/v2\/product_brand?post=3441919"},{"taxonomy":"product_cat","embeddable":true,"href":"https:\/\/stoic-curie.212-227-153-4.plesk.page\/de\/wp-json\/wp\/v2\/product_cat?post=3441919"},{"taxonomy":"product_tag","embeddable":true,"href":"https:\/\/stoic-curie.212-227-153-4.plesk.page\/de\/wp-json\/wp\/v2\/product_tag?post=3441919"}],"curies":[{"name":"wp","href":"https:\/\/api.w.org\/{rel}","templated":true}]}}