{"id":3442140,"date":"2025-10-09T23:04:24","date_gmt":"2025-10-10T03:04:24","guid":{"rendered":"https:\/\/stoic-curie.212-227-153-4.plesk.page\/product\/kunststoff-schraubenunterlegscheiben-mit-kappen-48-60-mm-100-stueck\/"},"modified":"2026-02-24T23:35:20","modified_gmt":"2026-02-24T23:35:20","slug":"kunststoff-schraubenunterlegscheiben-mit-kappen-48-60-mm-100-stueck","status":"publish","type":"product","link":"https:\/\/stoic-curie.212-227-153-4.plesk.page\/de\/product\/kunststoff-schraubenunterlegscheiben-mit-kappen-48-60-mm-100-stueck\/","title":{"rendered":"Kunststoff-Schraubenunterlegscheiben mit Kappen 4,8-6,0 mm, 100 St\u00fcck"},"content":{"rendered":"<p>Kunststoff-Schraubenunterlegscheiben mit Kappen 4,8-6,0 mm, 100 St\u00fcck &#8211; <\/p>\n<p>Kunststoff-K\u00f6rperverdeckungen mit Aufpresskappen. 100 St\u00fcck pro Packung.<\/p>\n","protected":false},"excerpt":{"rendered":"<p>Kunststoff-Schraubenunterlegscheiben mit Kappen 4,8-6,0 mm, 100 St\u00fcck &#8211; Kunststoff-K\u00f6rperverdeckungen mit Aufpresskappen. 100 St\u00fcck pro Packung.<\/p>\n","protected":false},"featured_media":5939705,"comment_status":"closed","ping_status":"closed","template":"","meta":[],"product_brand":[3120],"product_cat":[1430],"product_tag":[],"class_list":{"0":"post-3442140","1":"product","2":"type-product","3":"status-publish","4":"has-post-thumbnail","6":"product_brand-marinetech-de","7":"product_cat-edelstahl-unterlegscheiben","9":"first","10":"instock","11":"shipping-taxable","12":"purchasable","13":"product-type-simple"},"_links":{"self":[{"href":"https:\/\/stoic-curie.212-227-153-4.plesk.page\/de\/wp-json\/wp\/v2\/product\/3442140","targetHints":{"allow":["GET"]}}],"collection":[{"href":"https:\/\/stoic-curie.212-227-153-4.plesk.page\/de\/wp-json\/wp\/v2\/product"}],"about":[{"href":"https:\/\/stoic-curie.212-227-153-4.plesk.page\/de\/wp-json\/wp\/v2\/types\/product"}],"replies":[{"embeddable":true,"href":"https:\/\/stoic-curie.212-227-153-4.plesk.page\/de\/wp-json\/wp\/v2\/comments?post=3442140"}],"version-history":[{"count":0,"href":"https:\/\/stoic-curie.212-227-153-4.plesk.page\/de\/wp-json\/wp\/v2\/product\/3442140\/revisions"}],"wp:featuredmedia":[{"embeddable":true,"href":"https:\/\/stoic-curie.212-227-153-4.plesk.page\/de\/wp-json\/wp\/v2\/media\/5939705"}],"wp:attachment":[{"href":"https:\/\/stoic-curie.212-227-153-4.plesk.page\/de\/wp-json\/wp\/v2\/media?parent=3442140"}],"wp:term":[{"taxonomy":"product_brand","embeddable":true,"href":"https:\/\/stoic-curie.212-227-153-4.plesk.page\/de\/wp-json\/wp\/v2\/product_brand?post=3442140"},{"taxonomy":"product_cat","embeddable":true,"href":"https:\/\/stoic-curie.212-227-153-4.plesk.page\/de\/wp-json\/wp\/v2\/product_cat?post=3442140"},{"taxonomy":"product_tag","embeddable":true,"href":"https:\/\/stoic-curie.212-227-153-4.plesk.page\/de\/wp-json\/wp\/v2\/product_tag?post=3442140"}],"curies":[{"name":"wp","href":"https:\/\/api.w.org\/{rel}","templated":true}]}}