{"id":3442154,"date":"2025-10-09T23:04:24","date_gmt":"2025-10-10T03:04:24","guid":{"rendered":"https:\/\/stoic-curie.212-227-153-4.plesk.page\/product\/15-stueck-oesen-blister-14-mm-mit-befestigungswerkzeug-im-lieferumfang-enthalten\/"},"modified":"2026-02-24T23:35:20","modified_gmt":"2026-02-24T23:35:20","slug":"15-stueck-oesen-blister-14-mm-mit-befestigungswerkzeug-im-lieferumfang-enthalten","status":"publish","type":"product","link":"https:\/\/stoic-curie.212-227-153-4.plesk.page\/de\/product\/15-stueck-oesen-blister-14-mm-mit-befestigungswerkzeug-im-lieferumfang-enthalten\/","title":{"rendered":"15 St\u00fcck \u00d6sen Blister 14 mm mit Befestigungswerkzeug im Lieferumfang enthalten"},"content":{"rendered":"<p>15 St\u00fcck \u00d6sen Blister 14 mm mit Befestigungswerkzeug im Lieferumfang enthalten &#8211; <\/p>\n<p>\u00d6senblister mit enthaltenem Montagematerial.<\/p>\n","protected":false},"excerpt":{"rendered":"<p>15 St\u00fcck \u00d6sen Blister 14 mm mit Befestigungswerkzeug im Lieferumfang enthalten &#8211; \u00d6senblister mit enthaltenem Montagematerial.<\/p>\n","protected":false},"featured_media":5939701,"comment_status":"closed","ping_status":"closed","template":"","meta":[],"product_brand":[3185],"product_cat":[1416,1402],"product_tag":[],"class_list":{"0":"post-3442154","1":"product","2":"type-product","3":"status-publish","4":"has-post-thumbnail","6":"product_brand-nettuno-de","7":"product_cat-befestigungsmaterial-fuer-bootsabdeckungen-und-bimini","8":"product_cat-bimini-verdecke","10":"first","11":"instock","12":"shipping-taxable","13":"purchasable","14":"product-type-simple"},"_links":{"self":[{"href":"https:\/\/stoic-curie.212-227-153-4.plesk.page\/de\/wp-json\/wp\/v2\/product\/3442154","targetHints":{"allow":["GET"]}}],"collection":[{"href":"https:\/\/stoic-curie.212-227-153-4.plesk.page\/de\/wp-json\/wp\/v2\/product"}],"about":[{"href":"https:\/\/stoic-curie.212-227-153-4.plesk.page\/de\/wp-json\/wp\/v2\/types\/product"}],"replies":[{"embeddable":true,"href":"https:\/\/stoic-curie.212-227-153-4.plesk.page\/de\/wp-json\/wp\/v2\/comments?post=3442154"}],"version-history":[{"count":0,"href":"https:\/\/stoic-curie.212-227-153-4.plesk.page\/de\/wp-json\/wp\/v2\/product\/3442154\/revisions"}],"wp:featuredmedia":[{"embeddable":true,"href":"https:\/\/stoic-curie.212-227-153-4.plesk.page\/de\/wp-json\/wp\/v2\/media\/5939701"}],"wp:attachment":[{"href":"https:\/\/stoic-curie.212-227-153-4.plesk.page\/de\/wp-json\/wp\/v2\/media?parent=3442154"}],"wp:term":[{"taxonomy":"product_brand","embeddable":true,"href":"https:\/\/stoic-curie.212-227-153-4.plesk.page\/de\/wp-json\/wp\/v2\/product_brand?post=3442154"},{"taxonomy":"product_cat","embeddable":true,"href":"https:\/\/stoic-curie.212-227-153-4.plesk.page\/de\/wp-json\/wp\/v2\/product_cat?post=3442154"},{"taxonomy":"product_tag","embeddable":true,"href":"https:\/\/stoic-curie.212-227-153-4.plesk.page\/de\/wp-json\/wp\/v2\/product_tag?post=3442154"}],"curies":[{"name":"wp","href":"https:\/\/api.w.org\/{rel}","templated":true}]}}