{"id":3442210,"date":"2025-10-09T23:04:26","date_gmt":"2025-10-10T03:04:26","guid":{"rendered":"https:\/\/stoic-curie.212-227-153-4.plesk.page\/product\/verbindung-fuer-22-mm-schlaeuche\/"},"modified":"2026-02-24T23:35:20","modified_gmt":"2026-02-24T23:35:20","slug":"verbindung-fuer-22-mm-schlaeuche","status":"publish","type":"product","link":"https:\/\/stoic-curie.212-227-153-4.plesk.page\/de\/product\/verbindung-fuer-22-mm-schlaeuche\/","title":{"rendered":"Verbindung f\u00fcr 22 mm Schl\u00e4uche"},"content":{"rendered":"<p>Verbindung f\u00fcr 22 mm Schl\u00e4uche &#8211; <\/p>\n<p>Edelstahlanschluss f\u00fcr Biminis.<\/p>\n","protected":false},"excerpt":{"rendered":"<p>Verbindung f\u00fcr 22 mm Schl\u00e4uche &#8211; Edelstahlanschluss f\u00fcr Biminis.<\/p>\n","protected":false},"featured_media":5943418,"comment_status":"closed","ping_status":"closed","template":"","meta":[],"product_brand":[3120],"product_cat":[1416,1402,1413,1420],"product_tag":[],"class_list":{"0":"post-3442210","1":"product","2":"type-product","3":"status-publish","4":"has-post-thumbnail","6":"product_brand-marinetech-de","7":"product_cat-befestigungsmaterial-fuer-bootsabdeckungen-und-bimini","8":"product_cat-bimini-verdecke","9":"product_cat-handlauf-beschlaege","10":"product_cat-handlaeufe","12":"first","13":"instock","14":"shipping-taxable","15":"purchasable","16":"product-type-simple"},"_links":{"self":[{"href":"https:\/\/stoic-curie.212-227-153-4.plesk.page\/de\/wp-json\/wp\/v2\/product\/3442210","targetHints":{"allow":["GET"]}}],"collection":[{"href":"https:\/\/stoic-curie.212-227-153-4.plesk.page\/de\/wp-json\/wp\/v2\/product"}],"about":[{"href":"https:\/\/stoic-curie.212-227-153-4.plesk.page\/de\/wp-json\/wp\/v2\/types\/product"}],"replies":[{"embeddable":true,"href":"https:\/\/stoic-curie.212-227-153-4.plesk.page\/de\/wp-json\/wp\/v2\/comments?post=3442210"}],"version-history":[{"count":0,"href":"https:\/\/stoic-curie.212-227-153-4.plesk.page\/de\/wp-json\/wp\/v2\/product\/3442210\/revisions"}],"wp:featuredmedia":[{"embeddable":true,"href":"https:\/\/stoic-curie.212-227-153-4.plesk.page\/de\/wp-json\/wp\/v2\/media\/5943418"}],"wp:attachment":[{"href":"https:\/\/stoic-curie.212-227-153-4.plesk.page\/de\/wp-json\/wp\/v2\/media?parent=3442210"}],"wp:term":[{"taxonomy":"product_brand","embeddable":true,"href":"https:\/\/stoic-curie.212-227-153-4.plesk.page\/de\/wp-json\/wp\/v2\/product_brand?post=3442210"},{"taxonomy":"product_cat","embeddable":true,"href":"https:\/\/stoic-curie.212-227-153-4.plesk.page\/de\/wp-json\/wp\/v2\/product_cat?post=3442210"},{"taxonomy":"product_tag","embeddable":true,"href":"https:\/\/stoic-curie.212-227-153-4.plesk.page\/de\/wp-json\/wp\/v2\/product_tag?post=3442210"}],"curies":[{"name":"wp","href":"https:\/\/api.w.org\/{rel}","templated":true}]}}