{"id":3442807,"date":"2025-10-09T23:04:50","date_gmt":"2025-10-10T03:04:50","guid":{"rendered":"https:\/\/stoic-curie.212-227-153-4.plesk.page\/product\/ersatzdichtungsteile-mercruiser-27-33395\/"},"modified":"2026-02-24T23:35:21","modified_gmt":"2026-02-24T23:35:21","slug":"ersatzdichtungsteile-mercruiser-27-33395","status":"publish","type":"product","link":"https:\/\/stoic-curie.212-227-153-4.plesk.page\/de\/product\/ersatzdichtungsteile-mercruiser-27-33395\/","title":{"rendered":"Ersatzdichtungsteile Mercruiser 27-33395"},"content":{"rendered":"<p>Ersatzdichtungsteile Mercruiser 27-33395 &#8211; <\/p>\n<p>Echtes Mercruiser 865735A02 Auspuffkr\u00fcmmer-Set komplett mit Dichtung. Passt f\u00fcr 5.0MPI &#8211; 350MAG MPI &#8211; ALPHA &#8211; BRAVO &#8211; 6.2L MPI (Seriennummer 0W310000 bis 1A299999) &#8211; 377MAG MPI Motoren. Muss mit 4 Schrauben 5040411 vervollst\u00e4ndigt werden. Die Modelle 6.2L MPI und 377MAG MPI m\u00fcssen mit 4 Schrauben 5040404 erg\u00e4nzt werden.<\/p>\n","protected":false},"excerpt":{"rendered":"<p>Ersatzdichtungsteile Mercruiser 27-33395 &#8211; Echtes Mercruiser 865735A02 Auspuffkr\u00fcmmer-Set komplett mit Dichtung. Passt f\u00fcr 5.0MPI &#8211; 350MAG MPI &#8211; ALPHA &#8211;<\/p>\n","protected":false},"featured_media":5941402,"comment_status":"closed","ping_status":"closed","template":"","meta":[],"product_brand":[3285],"product_cat":[1543],"product_tag":[],"class_list":{"0":"post-3442807","1":"product","2":"type-product","3":"status-publish","4":"has-post-thumbnail","6":"product_brand-quicksilver-de","7":"product_cat-marine-ersatzteile-fuer-mercruiser","9":"first","10":"instock","11":"shipping-taxable","12":"purchasable","13":"product-type-simple"},"_links":{"self":[{"href":"https:\/\/stoic-curie.212-227-153-4.plesk.page\/de\/wp-json\/wp\/v2\/product\/3442807","targetHints":{"allow":["GET"]}}],"collection":[{"href":"https:\/\/stoic-curie.212-227-153-4.plesk.page\/de\/wp-json\/wp\/v2\/product"}],"about":[{"href":"https:\/\/stoic-curie.212-227-153-4.plesk.page\/de\/wp-json\/wp\/v2\/types\/product"}],"replies":[{"embeddable":true,"href":"https:\/\/stoic-curie.212-227-153-4.plesk.page\/de\/wp-json\/wp\/v2\/comments?post=3442807"}],"version-history":[{"count":0,"href":"https:\/\/stoic-curie.212-227-153-4.plesk.page\/de\/wp-json\/wp\/v2\/product\/3442807\/revisions"}],"wp:featuredmedia":[{"embeddable":true,"href":"https:\/\/stoic-curie.212-227-153-4.plesk.page\/de\/wp-json\/wp\/v2\/media\/5941402"}],"wp:attachment":[{"href":"https:\/\/stoic-curie.212-227-153-4.plesk.page\/de\/wp-json\/wp\/v2\/media?parent=3442807"}],"wp:term":[{"taxonomy":"product_brand","embeddable":true,"href":"https:\/\/stoic-curie.212-227-153-4.plesk.page\/de\/wp-json\/wp\/v2\/product_brand?post=3442807"},{"taxonomy":"product_cat","embeddable":true,"href":"https:\/\/stoic-curie.212-227-153-4.plesk.page\/de\/wp-json\/wp\/v2\/product_cat?post=3442807"},{"taxonomy":"product_tag","embeddable":true,"href":"https:\/\/stoic-curie.212-227-153-4.plesk.page\/de\/wp-json\/wp\/v2\/product_tag?post=3442807"}],"curies":[{"name":"wp","href":"https:\/\/api.w.org\/{rel}","templated":true}]}}