{"id":3442899,"date":"2025-10-09T23:04:53","date_gmt":"2025-10-10T03:04:53","guid":{"rendered":"https:\/\/stoic-curie.212-227-153-4.plesk.page\/product\/propeller-schluesselwerkzeug\/"},"modified":"2026-02-24T23:35:21","modified_gmt":"2026-02-24T23:35:21","slug":"propeller-schluesselwerkzeug","status":"publish","type":"product","link":"https:\/\/stoic-curie.212-227-153-4.plesk.page\/de\/product\/propeller-schluesselwerkzeug\/","title":{"rendered":"Propeller-Schl\u00fcsselwerkzeug"},"content":{"rendered":"<p>Propeller-Schl\u00fcsselwerkzeug &#8211; <\/p>\n<p>Universelles Werkzeug f\u00fcr Au\u00dfenbordmotor-Propeller. Aus glasfaserverst\u00e4rktem Nylon. Komplett mit 8 N\u00fcssen (13\/14\/17\/19\/21\/22\/24\/27 mm), geeignet f\u00fcr jede Art von Propeller.<\/p>\n","protected":false},"excerpt":{"rendered":"<p>Propeller-Schl\u00fcsselwerkzeug &#8211; Universelles Werkzeug f\u00fcr Au\u00dfenbordmotor-Propeller. Aus glasfaserverst\u00e4rktem Nylon. Komplett mit 8 N\u00fcssen (13\/14\/17\/19\/21\/22\/24\/27 mm), geeignet f\u00fcr jede Art von<\/p>\n","protected":false},"featured_media":5948307,"comment_status":"closed","ping_status":"closed","template":"","meta":[],"product_brand":[3410],"product_cat":[1516],"product_tag":[],"class_list":{"0":"post-3442899","1":"product","2":"type-product","3":"status-publish","4":"has-post-thumbnail","6":"product_brand-solas-de","7":"product_cat-propeller-fuer-aussenbordmotoren","9":"first","10":"instock","11":"shipping-taxable","12":"purchasable","13":"product-type-simple"},"_links":{"self":[{"href":"https:\/\/stoic-curie.212-227-153-4.plesk.page\/de\/wp-json\/wp\/v2\/product\/3442899","targetHints":{"allow":["GET"]}}],"collection":[{"href":"https:\/\/stoic-curie.212-227-153-4.plesk.page\/de\/wp-json\/wp\/v2\/product"}],"about":[{"href":"https:\/\/stoic-curie.212-227-153-4.plesk.page\/de\/wp-json\/wp\/v2\/types\/product"}],"replies":[{"embeddable":true,"href":"https:\/\/stoic-curie.212-227-153-4.plesk.page\/de\/wp-json\/wp\/v2\/comments?post=3442899"}],"version-history":[{"count":0,"href":"https:\/\/stoic-curie.212-227-153-4.plesk.page\/de\/wp-json\/wp\/v2\/product\/3442899\/revisions"}],"wp:featuredmedia":[{"embeddable":true,"href":"https:\/\/stoic-curie.212-227-153-4.plesk.page\/de\/wp-json\/wp\/v2\/media\/5948307"}],"wp:attachment":[{"href":"https:\/\/stoic-curie.212-227-153-4.plesk.page\/de\/wp-json\/wp\/v2\/media?parent=3442899"}],"wp:term":[{"taxonomy":"product_brand","embeddable":true,"href":"https:\/\/stoic-curie.212-227-153-4.plesk.page\/de\/wp-json\/wp\/v2\/product_brand?post=3442899"},{"taxonomy":"product_cat","embeddable":true,"href":"https:\/\/stoic-curie.212-227-153-4.plesk.page\/de\/wp-json\/wp\/v2\/product_cat?post=3442899"},{"taxonomy":"product_tag","embeddable":true,"href":"https:\/\/stoic-curie.212-227-153-4.plesk.page\/de\/wp-json\/wp\/v2\/product_tag?post=3442899"}],"curies":[{"name":"wp","href":"https:\/\/api.w.org\/{rel}","templated":true}]}}