{"id":3442928,"date":"2025-10-09T23:04:55","date_gmt":"2025-10-10T03:04:55","guid":{"rendered":"https:\/\/stoic-curie.212-227-153-4.plesk.page\/product\/anode-lewmar-589350\/"},"modified":"2026-02-24T23:35:21","modified_gmt":"2026-02-24T23:35:21","slug":"anode-lewmar-589350","status":"publish","type":"product","link":"https:\/\/stoic-curie.212-227-153-4.plesk.page\/de\/product\/anode-lewmar-589350\/","title":{"rendered":"Anode Lewmar 589350"},"content":{"rendered":"<p>Anode Lewmar 589350 &#8211; <\/p>\n<p>Ogive-Anode f\u00fcr Lewmar Bugstrahlruder. 5165520 f\u00fcr Lewmar 140TT, 5165521 f\u00fcr Lewmar 185TT<\/p>\n","protected":false},"excerpt":{"rendered":"<p>Anode Lewmar 589350 &#8211; Ogive-Anode f\u00fcr Lewmar Bugstrahlruder. 5165520 f\u00fcr Lewmar 140TT, 5165521 f\u00fcr Lewmar 185TT<\/p>\n","protected":false},"featured_media":5948310,"comment_status":"closed","ping_status":"closed","template":"","meta":[],"product_brand":[3475],"product_cat":[1349],"product_tag":[],"class_list":{"0":"post-3442928","1":"product","2":"type-product","3":"status-publish","4":"has-post-thumbnail","6":"product_brand-tecnoseal-de","7":"product_cat-anoden-fuer-propeller","9":"first","10":"instock","11":"shipping-taxable","12":"purchasable","13":"product-type-simple"},"_links":{"self":[{"href":"https:\/\/stoic-curie.212-227-153-4.plesk.page\/de\/wp-json\/wp\/v2\/product\/3442928","targetHints":{"allow":["GET"]}}],"collection":[{"href":"https:\/\/stoic-curie.212-227-153-4.plesk.page\/de\/wp-json\/wp\/v2\/product"}],"about":[{"href":"https:\/\/stoic-curie.212-227-153-4.plesk.page\/de\/wp-json\/wp\/v2\/types\/product"}],"replies":[{"embeddable":true,"href":"https:\/\/stoic-curie.212-227-153-4.plesk.page\/de\/wp-json\/wp\/v2\/comments?post=3442928"}],"version-history":[{"count":0,"href":"https:\/\/stoic-curie.212-227-153-4.plesk.page\/de\/wp-json\/wp\/v2\/product\/3442928\/revisions"}],"wp:featuredmedia":[{"embeddable":true,"href":"https:\/\/stoic-curie.212-227-153-4.plesk.page\/de\/wp-json\/wp\/v2\/media\/5948310"}],"wp:attachment":[{"href":"https:\/\/stoic-curie.212-227-153-4.plesk.page\/de\/wp-json\/wp\/v2\/media?parent=3442928"}],"wp:term":[{"taxonomy":"product_brand","embeddable":true,"href":"https:\/\/stoic-curie.212-227-153-4.plesk.page\/de\/wp-json\/wp\/v2\/product_brand?post=3442928"},{"taxonomy":"product_cat","embeddable":true,"href":"https:\/\/stoic-curie.212-227-153-4.plesk.page\/de\/wp-json\/wp\/v2\/product_cat?post=3442928"},{"taxonomy":"product_tag","embeddable":true,"href":"https:\/\/stoic-curie.212-227-153-4.plesk.page\/de\/wp-json\/wp\/v2\/product_tag?post=3442928"}],"curies":[{"name":"wp","href":"https:\/\/api.w.org\/{rel}","templated":true}]}}