{"id":3443401,"date":"2025-10-09T23:05:13","date_gmt":"2025-10-10T03:05:13","guid":{"rendered":"https:\/\/stoic-curie.212-227-153-4.plesk.page\/product\/aluminiumanode-50-x-130-x-h18mm-027-kg\/"},"modified":"2026-02-24T23:35:21","modified_gmt":"2026-02-24T23:35:21","slug":"aluminiumanode-50-x-130-x-h18mm-027-kg","status":"publish","type":"product","link":"https:\/\/stoic-curie.212-227-153-4.plesk.page\/de\/product\/aluminiumanode-50-x-130-x-h18mm-027-kg\/","title":{"rendered":"Aluminiumanode 50 x 130 x H18mm 0,27 kg"},"content":{"rendered":"<p>Aluminiumanode 50 x 130 x H18mm 0,27 kg &#8211; <\/p>\n<p>Martyr Aluminium M2 Legierung Plattenrumpfanoden. <br \/>\u2022 Sch\u00fctzt 50% l\u00e4nger als herk\u00f6mmliche Zinkanoden. <br \/>\u2022 Wiegt 50% weniger als herk\u00f6mmliche Zinkanoden.<\/p>\n","protected":false},"excerpt":{"rendered":"<p>Aluminiumanode 50 x 130 x H18mm 0,27 kg &#8211; Martyr Aluminium M2 Legierung Plattenrumpfanoden. \u2022 Sch\u00fctzt 50% l\u00e4nger als herk\u00f6mmliche<\/p>\n","protected":false},"featured_media":5948359,"comment_status":"closed","ping_status":"closed","template":"","meta":[],"product_brand":[3125],"product_cat":[1348],"product_tag":[],"class_list":{"0":"post-3443401","1":"product","2":"type-product","3":"status-publish","4":"has-post-thumbnail","6":"product_brand-martyr-de","7":"product_cat-anoden-fuer-den-rumpf","9":"first","10":"instock","11":"shipping-taxable","12":"purchasable","13":"product-type-simple"},"_links":{"self":[{"href":"https:\/\/stoic-curie.212-227-153-4.plesk.page\/de\/wp-json\/wp\/v2\/product\/3443401","targetHints":{"allow":["GET"]}}],"collection":[{"href":"https:\/\/stoic-curie.212-227-153-4.plesk.page\/de\/wp-json\/wp\/v2\/product"}],"about":[{"href":"https:\/\/stoic-curie.212-227-153-4.plesk.page\/de\/wp-json\/wp\/v2\/types\/product"}],"replies":[{"embeddable":true,"href":"https:\/\/stoic-curie.212-227-153-4.plesk.page\/de\/wp-json\/wp\/v2\/comments?post=3443401"}],"version-history":[{"count":0,"href":"https:\/\/stoic-curie.212-227-153-4.plesk.page\/de\/wp-json\/wp\/v2\/product\/3443401\/revisions"}],"wp:featuredmedia":[{"embeddable":true,"href":"https:\/\/stoic-curie.212-227-153-4.plesk.page\/de\/wp-json\/wp\/v2\/media\/5948359"}],"wp:attachment":[{"href":"https:\/\/stoic-curie.212-227-153-4.plesk.page\/de\/wp-json\/wp\/v2\/media?parent=3443401"}],"wp:term":[{"taxonomy":"product_brand","embeddable":true,"href":"https:\/\/stoic-curie.212-227-153-4.plesk.page\/de\/wp-json\/wp\/v2\/product_brand?post=3443401"},{"taxonomy":"product_cat","embeddable":true,"href":"https:\/\/stoic-curie.212-227-153-4.plesk.page\/de\/wp-json\/wp\/v2\/product_cat?post=3443401"},{"taxonomy":"product_tag","embeddable":true,"href":"https:\/\/stoic-curie.212-227-153-4.plesk.page\/de\/wp-json\/wp\/v2\/product_tag?post=3443401"}],"curies":[{"name":"wp","href":"https:\/\/api.w.org\/{rel}","templated":true}]}}