{"id":3443417,"date":"2025-10-09T23:05:14","date_gmt":"2025-10-10T03:05:14","guid":{"rendered":"https:\/\/stoic-curie.212-227-153-4.plesk.page\/product\/sicherheitsschalter-mob-mercury-mariner\/"},"modified":"2026-02-24T23:35:21","modified_gmt":"2026-02-24T23:35:21","slug":"sicherheitsschalter-mob-mercury-mariner","status":"publish","type":"product","link":"https:\/\/stoic-curie.212-227-153-4.plesk.page\/de\/product\/sicherheitsschalter-mob-mercury-mariner\/","title":{"rendered":"Sicherheitsschalter MOB Mercury\/Mariner"},"content":{"rendered":"<p>Sicherheitsschalter MOB Mercury\/Mariner &#8211; <\/p>\n<p>Boot-Abschaltschl\u00fcssel mit Lanyard. Stoppt den Au\u00dfenbordmotor im Falle einer Person \u00fcber Bord.<\/p>\n","protected":false},"excerpt":{"rendered":"<p>Sicherheitsschalter MOB Mercury\/Mariner &#8211; Boot-Abschaltschl\u00fcssel mit Lanyard. Stoppt den Au\u00dfenbordmotor im Falle einer Person \u00fcber Bord.<\/p>\n","protected":false},"featured_media":5948360,"comment_status":"closed","ping_status":"closed","template":"","meta":[],"product_brand":[3235],"product_cat":[1528,1540],"product_tag":[],"class_list":{"0":"post-3443417","1":"product","2":"type-product","3":"status-publish","4":"has-post-thumbnail","6":"product_brand-osculati-de","7":"product_cat-marine-ersatzteile-fuer-mercury-und-mariner","8":"product_cat-zubehoer-fuer-aussenborder","10":"first","11":"instock","12":"shipping-taxable","13":"purchasable","14":"product-type-simple"},"_links":{"self":[{"href":"https:\/\/stoic-curie.212-227-153-4.plesk.page\/de\/wp-json\/wp\/v2\/product\/3443417","targetHints":{"allow":["GET"]}}],"collection":[{"href":"https:\/\/stoic-curie.212-227-153-4.plesk.page\/de\/wp-json\/wp\/v2\/product"}],"about":[{"href":"https:\/\/stoic-curie.212-227-153-4.plesk.page\/de\/wp-json\/wp\/v2\/types\/product"}],"replies":[{"embeddable":true,"href":"https:\/\/stoic-curie.212-227-153-4.plesk.page\/de\/wp-json\/wp\/v2\/comments?post=3443417"}],"version-history":[{"count":0,"href":"https:\/\/stoic-curie.212-227-153-4.plesk.page\/de\/wp-json\/wp\/v2\/product\/3443417\/revisions"}],"wp:featuredmedia":[{"embeddable":true,"href":"https:\/\/stoic-curie.212-227-153-4.plesk.page\/de\/wp-json\/wp\/v2\/media\/5948360"}],"wp:attachment":[{"href":"https:\/\/stoic-curie.212-227-153-4.plesk.page\/de\/wp-json\/wp\/v2\/media?parent=3443417"}],"wp:term":[{"taxonomy":"product_brand","embeddable":true,"href":"https:\/\/stoic-curie.212-227-153-4.plesk.page\/de\/wp-json\/wp\/v2\/product_brand?post=3443417"},{"taxonomy":"product_cat","embeddable":true,"href":"https:\/\/stoic-curie.212-227-153-4.plesk.page\/de\/wp-json\/wp\/v2\/product_cat?post=3443417"},{"taxonomy":"product_tag","embeddable":true,"href":"https:\/\/stoic-curie.212-227-153-4.plesk.page\/de\/wp-json\/wp\/v2\/product_tag?post=3443417"}],"curies":[{"name":"wp","href":"https:\/\/api.w.org\/{rel}","templated":true}]}}