{"id":3443425,"date":"2025-10-09T23:05:14","date_gmt":"2025-10-10T03:05:14","guid":{"rendered":"https:\/\/stoic-curie.212-227-153-4.plesk.page\/product\/mob-suzuki-man-over-board-geraet\/"},"modified":"2026-02-24T23:35:21","modified_gmt":"2026-02-24T23:35:21","slug":"mob-suzuki-man-over-board-geraet","status":"publish","type":"product","link":"https:\/\/stoic-curie.212-227-153-4.plesk.page\/de\/product\/mob-suzuki-man-over-board-geraet\/","title":{"rendered":"MOB Suzuki (Man-Over-Board-Ger\u00e4t)"},"content":{"rendered":"<p>MOB Suzuki (Man-Over-Board-Ger\u00e4t) &#8211; <\/p>\n<p>Bootskill-Schalter-Schl\u00fcssel mit Lanyard. Stoppt den Au\u00dfenbordmotor im Falle eines Mann \u00fcber Bord.<\/p>\n","protected":false},"excerpt":{"rendered":"<p>MOB Suzuki (Man-Over-Board-Ger\u00e4t) &#8211; Bootskill-Schalter-Schl\u00fcssel mit Lanyard. Stoppt den Au\u00dfenbordmotor im Falle eines Mann \u00fcber Bord.<\/p>\n","protected":false},"featured_media":5948360,"comment_status":"closed","ping_status":"closed","template":"","meta":[],"product_brand":[3235],"product_cat":[1545,1540],"product_tag":[],"class_list":{"0":"post-3443425","1":"product","2":"type-product","3":"status-publish","4":"has-post-thumbnail","6":"product_brand-osculati-de","7":"product_cat-marine-ersatzteile-fuer-suzuki","8":"product_cat-zubehoer-fuer-aussenborder","10":"first","11":"instock","12":"shipping-taxable","13":"purchasable","14":"product-type-simple"},"_links":{"self":[{"href":"https:\/\/stoic-curie.212-227-153-4.plesk.page\/de\/wp-json\/wp\/v2\/product\/3443425","targetHints":{"allow":["GET"]}}],"collection":[{"href":"https:\/\/stoic-curie.212-227-153-4.plesk.page\/de\/wp-json\/wp\/v2\/product"}],"about":[{"href":"https:\/\/stoic-curie.212-227-153-4.plesk.page\/de\/wp-json\/wp\/v2\/types\/product"}],"replies":[{"embeddable":true,"href":"https:\/\/stoic-curie.212-227-153-4.plesk.page\/de\/wp-json\/wp\/v2\/comments?post=3443425"}],"version-history":[{"count":0,"href":"https:\/\/stoic-curie.212-227-153-4.plesk.page\/de\/wp-json\/wp\/v2\/product\/3443425\/revisions"}],"wp:featuredmedia":[{"embeddable":true,"href":"https:\/\/stoic-curie.212-227-153-4.plesk.page\/de\/wp-json\/wp\/v2\/media\/5948360"}],"wp:attachment":[{"href":"https:\/\/stoic-curie.212-227-153-4.plesk.page\/de\/wp-json\/wp\/v2\/media?parent=3443425"}],"wp:term":[{"taxonomy":"product_brand","embeddable":true,"href":"https:\/\/stoic-curie.212-227-153-4.plesk.page\/de\/wp-json\/wp\/v2\/product_brand?post=3443425"},{"taxonomy":"product_cat","embeddable":true,"href":"https:\/\/stoic-curie.212-227-153-4.plesk.page\/de\/wp-json\/wp\/v2\/product_cat?post=3443425"},{"taxonomy":"product_tag","embeddable":true,"href":"https:\/\/stoic-curie.212-227-153-4.plesk.page\/de\/wp-json\/wp\/v2\/product_tag?post=3443425"}],"curies":[{"name":"wp","href":"https:\/\/api.w.org\/{rel}","templated":true}]}}