{"id":3443468,"date":"2025-10-09T23:05:15","date_gmt":"2025-10-10T03:05:15","guid":{"rendered":"https:\/\/stoic-curie.212-227-153-4.plesk.page\/product\/universeller-sicherheitsschalter-mob\/"},"modified":"2026-02-24T23:35:22","modified_gmt":"2026-02-24T23:35:22","slug":"universeller-sicherheitsschalter-mob","status":"publish","type":"product","link":"https:\/\/stoic-curie.212-227-153-4.plesk.page\/de\/product\/universeller-sicherheitsschalter-mob\/","title":{"rendered":"Universeller Sicherheitsschalter MOB"},"content":{"rendered":"<p>Universeller Sicherheitsschalter MOB &#8211; <\/p>\n<p>Robuster universeller Sicherheitsschalter mit Kappe und schnellziehbarem Lanyard, der die Z\u00fcndung unterbricht und den Au\u00dfenbordmotor im Falle eines Mann-\u00fcber-Bord-Sturzes stoppt. 4-polige verkabelte Verbindung. C-Pol-Verkabelung: Schaltung, die bei neuen Generationen von Motoren abgeschaltet wird. M-Pol-Verkabelung: Erdung, die bei alten Generationen von Motoren abgeschaltet wird.<\/p>\n","protected":false},"excerpt":{"rendered":"<p>Universeller Sicherheitsschalter MOB &#8211; Robuster universeller Sicherheitsschalter mit Kappe und schnellziehbarem Lanyard, der die Z\u00fcndung unterbricht und den Au\u00dfenbordmotor im<\/p>\n","protected":false},"featured_media":5948362,"comment_status":"closed","ping_status":"closed","template":"","meta":[],"product_brand":[3235],"product_cat":[1540],"product_tag":[],"class_list":{"0":"post-3443468","1":"product","2":"type-product","3":"status-publish","4":"has-post-thumbnail","6":"product_brand-osculati-de","7":"product_cat-zubehoer-fuer-aussenborder","9":"first","10":"instock","11":"shipping-taxable","12":"purchasable","13":"product-type-simple"},"_links":{"self":[{"href":"https:\/\/stoic-curie.212-227-153-4.plesk.page\/de\/wp-json\/wp\/v2\/product\/3443468","targetHints":{"allow":["GET"]}}],"collection":[{"href":"https:\/\/stoic-curie.212-227-153-4.plesk.page\/de\/wp-json\/wp\/v2\/product"}],"about":[{"href":"https:\/\/stoic-curie.212-227-153-4.plesk.page\/de\/wp-json\/wp\/v2\/types\/product"}],"replies":[{"embeddable":true,"href":"https:\/\/stoic-curie.212-227-153-4.plesk.page\/de\/wp-json\/wp\/v2\/comments?post=3443468"}],"version-history":[{"count":0,"href":"https:\/\/stoic-curie.212-227-153-4.plesk.page\/de\/wp-json\/wp\/v2\/product\/3443468\/revisions"}],"wp:featuredmedia":[{"embeddable":true,"href":"https:\/\/stoic-curie.212-227-153-4.plesk.page\/de\/wp-json\/wp\/v2\/media\/5948362"}],"wp:attachment":[{"href":"https:\/\/stoic-curie.212-227-153-4.plesk.page\/de\/wp-json\/wp\/v2\/media?parent=3443468"}],"wp:term":[{"taxonomy":"product_brand","embeddable":true,"href":"https:\/\/stoic-curie.212-227-153-4.plesk.page\/de\/wp-json\/wp\/v2\/product_brand?post=3443468"},{"taxonomy":"product_cat","embeddable":true,"href":"https:\/\/stoic-curie.212-227-153-4.plesk.page\/de\/wp-json\/wp\/v2\/product_cat?post=3443468"},{"taxonomy":"product_tag","embeddable":true,"href":"https:\/\/stoic-curie.212-227-153-4.plesk.page\/de\/wp-json\/wp\/v2\/product_tag?post=3443468"}],"curies":[{"name":"wp","href":"https:\/\/api.w.org\/{rel}","templated":true}]}}