{"id":3443620,"date":"2025-10-09T23:05:21","date_gmt":"2025-10-10T03:05:21","guid":{"rendered":"https:\/\/stoic-curie.212-227-153-4.plesk.page\/product\/ersatzverbinder-fuer-kraftstofftanks\/"},"modified":"2026-02-24T23:35:22","modified_gmt":"2026-02-24T23:35:22","slug":"ersatzverbinder-fuer-kraftstofftanks","status":"publish","type":"product","link":"https:\/\/stoic-curie.212-227-153-4.plesk.page\/de\/product\/ersatzverbinder-fuer-kraftstofftanks\/","title":{"rendered":"Ersatzverbinder f\u00fcr Kraftstofftanks"},"content":{"rendered":"<p>Ersatzverbinder f\u00fcr Kraftstofftanks &#8211; <\/p>\n<p>Inspektionsfenster f\u00fcr die feste Installation von Kunststofftanks, bestehend aus: verst\u00e4rktem Nylonfenster, gewindekappe mit Bel\u00fcftung, Tauchrohr mit \u00d812 mm Rohr-zu-Schlauch, \u00d8 17-19 mm Bel\u00fcftung und einer Flanschplatte zum Verschlie\u00dfen des Messlochs.<\/p>\n","protected":false},"excerpt":{"rendered":"<p>Ersatzverbinder f\u00fcr Kraftstofftanks &#8211; Inspektionsfenster f\u00fcr die feste Installation von Kunststofftanks, bestehend aus: verst\u00e4rktem Nylonfenster, gewindekappe mit Bel\u00fcftung, Tauchrohr mit<\/p>\n","protected":false},"featured_media":5948387,"comment_status":"closed","ping_status":"closed","template":"","meta":[],"product_brand":[2855],"product_cat":[1513],"product_tag":[],"class_list":{"0":"post-3443620","1":"product","2":"type-product","3":"status-publish","4":"has-post-thumbnail","6":"product_brand-can-marine-de","7":"product_cat-kraftstofftanks","9":"first","10":"instock","11":"shipping-taxable","12":"purchasable","13":"product-type-simple"},"_links":{"self":[{"href":"https:\/\/stoic-curie.212-227-153-4.plesk.page\/de\/wp-json\/wp\/v2\/product\/3443620","targetHints":{"allow":["GET"]}}],"collection":[{"href":"https:\/\/stoic-curie.212-227-153-4.plesk.page\/de\/wp-json\/wp\/v2\/product"}],"about":[{"href":"https:\/\/stoic-curie.212-227-153-4.plesk.page\/de\/wp-json\/wp\/v2\/types\/product"}],"replies":[{"embeddable":true,"href":"https:\/\/stoic-curie.212-227-153-4.plesk.page\/de\/wp-json\/wp\/v2\/comments?post=3443620"}],"version-history":[{"count":0,"href":"https:\/\/stoic-curie.212-227-153-4.plesk.page\/de\/wp-json\/wp\/v2\/product\/3443620\/revisions"}],"wp:featuredmedia":[{"embeddable":true,"href":"https:\/\/stoic-curie.212-227-153-4.plesk.page\/de\/wp-json\/wp\/v2\/media\/5948387"}],"wp:attachment":[{"href":"https:\/\/stoic-curie.212-227-153-4.plesk.page\/de\/wp-json\/wp\/v2\/media?parent=3443620"}],"wp:term":[{"taxonomy":"product_brand","embeddable":true,"href":"https:\/\/stoic-curie.212-227-153-4.plesk.page\/de\/wp-json\/wp\/v2\/product_brand?post=3443620"},{"taxonomy":"product_cat","embeddable":true,"href":"https:\/\/stoic-curie.212-227-153-4.plesk.page\/de\/wp-json\/wp\/v2\/product_cat?post=3443620"},{"taxonomy":"product_tag","embeddable":true,"href":"https:\/\/stoic-curie.212-227-153-4.plesk.page\/de\/wp-json\/wp\/v2\/product_tag?post=3443620"}],"curies":[{"name":"wp","href":"https:\/\/api.w.org\/{rel}","templated":true}]}}