{"id":3443638,"date":"2025-10-09T23:05:22","date_gmt":"2025-10-10T03:05:22","guid":{"rendered":"https:\/\/stoic-curie.212-227-153-4.plesk.page\/product\/benzinfilter-sacs-857633\/"},"modified":"2026-02-24T23:35:22","modified_gmt":"2026-02-24T23:35:22","slug":"benzinfilter-sacs-857633","status":"publish","type":"product","link":"https:\/\/stoic-curie.212-227-153-4.plesk.page\/de\/product\/benzinfilter-sacs-857633\/","title":{"rendered":"Benzinfilter SACS 857633"},"content":{"rendered":"<p>Benzinfilter SACS 857633 &#8211; <\/p>\n<p>Ersatzfilterbeutel sind f\u00fcr Volvo 857633, Yamaha YMM2E22701 und Racor S3227 erh\u00e4ltlich. Diese 10-Mikron-Filterelemente sind sowohl f\u00fcr Au\u00dfenbord- als auch f\u00fcr Innenbordbenzinmotoren geeignet. Sie sind f\u00fcr hohe Qualit\u00e4t, Leistung und Effizienz beim Trennen von Wasser und Benzin ausgelegt.<\/p>\n<p>Folgende Filterelemente k\u00f6nnen Sie mit diesem Produkt ersetzen:<\/p>\n<ul>\n<li>Volvo 857633<\/li>\n<li>Quicksilver 35-8M0103096<\/li>\n<li>Suzuki 99105-20005<\/li>\n<li>Honda 17670-ZW1-801A<\/li>\n<li>Yamaha YMM2E22701<\/li>\n<li>Sierra 18-7948<\/li>\n<li>Racor S3227<\/li>\n<\/ul>\n<p>W\u00e4hlen Sie diese Filterbeutel, um die optimale Motorleistung und Zuverl\u00e4ssigkeit zu gew\u00e4hrleisten.<\/p>\n","protected":false},"excerpt":{"rendered":"<p>Benzinfilter SACS 857633 &#8211; Ersatzfilterbeutel sind f\u00fcr Volvo 857633, Yamaha YMM2E22701 und Racor S3227 erh\u00e4ltlich. Diese 10-Mikron-Filterelemente sind sowohl f\u00fcr<\/p>\n","protected":false},"featured_media":5948393,"comment_status":"closed","ping_status":"closed","template":"","meta":[],"product_brand":[3225],"product_cat":[1538,1542,1544],"product_tag":[],"class_list":{"0":"post-3443638","1":"product","2":"type-product","3":"status-publish","4":"has-post-thumbnail","6":"product_brand-orbitrade-marine-de","7":"product_cat-marine-ersatzteile-fuer-honda","8":"product_cat-marine-ersatzteile-fuer-volvo-penta","9":"product_cat-marine-ersatzteile-fuer-yamaha","11":"first","12":"instock","13":"shipping-taxable","14":"purchasable","15":"product-type-simple"},"_links":{"self":[{"href":"https:\/\/stoic-curie.212-227-153-4.plesk.page\/de\/wp-json\/wp\/v2\/product\/3443638","targetHints":{"allow":["GET"]}}],"collection":[{"href":"https:\/\/stoic-curie.212-227-153-4.plesk.page\/de\/wp-json\/wp\/v2\/product"}],"about":[{"href":"https:\/\/stoic-curie.212-227-153-4.plesk.page\/de\/wp-json\/wp\/v2\/types\/product"}],"replies":[{"embeddable":true,"href":"https:\/\/stoic-curie.212-227-153-4.plesk.page\/de\/wp-json\/wp\/v2\/comments?post=3443638"}],"version-history":[{"count":0,"href":"https:\/\/stoic-curie.212-227-153-4.plesk.page\/de\/wp-json\/wp\/v2\/product\/3443638\/revisions"}],"wp:featuredmedia":[{"embeddable":true,"href":"https:\/\/stoic-curie.212-227-153-4.plesk.page\/de\/wp-json\/wp\/v2\/media\/5948393"}],"wp:attachment":[{"href":"https:\/\/stoic-curie.212-227-153-4.plesk.page\/de\/wp-json\/wp\/v2\/media?parent=3443638"}],"wp:term":[{"taxonomy":"product_brand","embeddable":true,"href":"https:\/\/stoic-curie.212-227-153-4.plesk.page\/de\/wp-json\/wp\/v2\/product_brand?post=3443638"},{"taxonomy":"product_cat","embeddable":true,"href":"https:\/\/stoic-curie.212-227-153-4.plesk.page\/de\/wp-json\/wp\/v2\/product_cat?post=3443638"},{"taxonomy":"product_tag","embeddable":true,"href":"https:\/\/stoic-curie.212-227-153-4.plesk.page\/de\/wp-json\/wp\/v2\/product_tag?post=3443638"}],"curies":[{"name":"wp","href":"https:\/\/api.w.org\/{rel}","templated":true}]}}