{"id":3443656,"date":"2025-10-09T23:05:23","date_gmt":"2025-10-10T03:05:23","guid":{"rendered":"https:\/\/stoic-curie.212-227-153-4.plesk.page\/product\/schwarzes-lenkrad-ultraflex-v32-335mm\/"},"modified":"2026-02-24T23:35:22","modified_gmt":"2026-02-24T23:35:22","slug":"schwarzes-lenkrad-ultraflex-v32-335mm","status":"publish","type":"product","link":"https:\/\/stoic-curie.212-227-153-4.plesk.page\/de\/product\/schwarzes-lenkrad-ultraflex-v32-335mm\/","title":{"rendered":"Schwarzes Lenkrad Ultraflex V32 335mm"},"content":{"rendered":"<p>Schwarzes Lenkrad Ultraflex V32 335mm &#8211; <\/p>\n<p>Antishock Thermoplastiklenkr\u00e4der. CE-ISO23411 markiert gem\u00e4\u00df ABYC-Normen. Komplett mit Mittelkappe und Nabe mit standardm\u00e4\u00dfigem 3\/4&#8243; taper.<\/p>\n","protected":false},"excerpt":{"rendered":"<p>Schwarzes Lenkrad Ultraflex V32 335mm &#8211; Antishock Thermoplastiklenkr\u00e4der. CE-ISO23411 markiert gem\u00e4\u00df ABYC-Normen. Komplett mit Mittelkappe und Nabe mit standardm\u00e4\u00dfigem 3\/4&#8243;<\/p>\n","protected":false},"featured_media":5948434,"comment_status":"closed","ping_status":"closed","template":"","meta":[],"product_brand":[3500],"product_cat":[1535],"product_tag":[],"class_list":{"0":"post-3443656","1":"product","2":"type-product","3":"status-publish","4":"has-post-thumbnail","6":"product_brand-ultraflex-uflex-de","7":"product_cat-steuerraeder","9":"first","10":"instock","11":"shipping-taxable","12":"purchasable","13":"product-type-simple"},"_links":{"self":[{"href":"https:\/\/stoic-curie.212-227-153-4.plesk.page\/de\/wp-json\/wp\/v2\/product\/3443656","targetHints":{"allow":["GET"]}}],"collection":[{"href":"https:\/\/stoic-curie.212-227-153-4.plesk.page\/de\/wp-json\/wp\/v2\/product"}],"about":[{"href":"https:\/\/stoic-curie.212-227-153-4.plesk.page\/de\/wp-json\/wp\/v2\/types\/product"}],"replies":[{"embeddable":true,"href":"https:\/\/stoic-curie.212-227-153-4.plesk.page\/de\/wp-json\/wp\/v2\/comments?post=3443656"}],"version-history":[{"count":0,"href":"https:\/\/stoic-curie.212-227-153-4.plesk.page\/de\/wp-json\/wp\/v2\/product\/3443656\/revisions"}],"wp:featuredmedia":[{"embeddable":true,"href":"https:\/\/stoic-curie.212-227-153-4.plesk.page\/de\/wp-json\/wp\/v2\/media\/5948434"}],"wp:attachment":[{"href":"https:\/\/stoic-curie.212-227-153-4.plesk.page\/de\/wp-json\/wp\/v2\/media?parent=3443656"}],"wp:term":[{"taxonomy":"product_brand","embeddable":true,"href":"https:\/\/stoic-curie.212-227-153-4.plesk.page\/de\/wp-json\/wp\/v2\/product_brand?post=3443656"},{"taxonomy":"product_cat","embeddable":true,"href":"https:\/\/stoic-curie.212-227-153-4.plesk.page\/de\/wp-json\/wp\/v2\/product_cat?post=3443656"},{"taxonomy":"product_tag","embeddable":true,"href":"https:\/\/stoic-curie.212-227-153-4.plesk.page\/de\/wp-json\/wp\/v2\/product_tag?post=3443656"}],"curies":[{"name":"wp","href":"https:\/\/api.w.org\/{rel}","templated":true}]}}