{"id":3443683,"date":"2025-10-09T23:05:24","date_gmt":"2025-10-10T03:05:24","guid":{"rendered":"https:\/\/stoic-curie.212-227-153-4.plesk.page\/product\/ultraflex-x34-schwarz\/"},"modified":"2026-02-24T23:35:22","modified_gmt":"2026-02-24T23:35:22","slug":"ultraflex-x34-schwarz","status":"publish","type":"product","link":"https:\/\/stoic-curie.212-227-153-4.plesk.page\/de\/product\/ultraflex-x34-schwarz\/","title":{"rendered":"Ultraflex X34 Schwarz"},"content":{"rendered":"<p>Ultraflex X34 Schwarz &#8211; <\/p>\n<p>Professionelle Hochleistungs-Rotationssteuerungen T91\/T93ZT f\u00fcr Boote mit Au\u00dfenbord-, Innenbord- und Sternantriebsmotoren bis zu 50 mph. Zu vervollst\u00e4ndigen mit M90 Mach Steuerkabel. 4,2 Lenkradumdrehungen von Anschlag zu Anschlag. T93ZT: Non-Reverse-Typ, der ein Zur\u00fcckkommen des Lenkrads verhindert und den gew\u00fcnschten Kurs h\u00e4lt.<\/p>\n","protected":false},"excerpt":{"rendered":"<p>Ultraflex X34 Schwarz &#8211; Professionelle Hochleistungs-Rotationssteuerungen T91\/T93ZT f\u00fcr Boote mit Au\u00dfenbord-, Innenbord- und Sternantriebsmotoren bis zu 50 mph. Zu vervollst\u00e4ndigen<\/p>\n","protected":false},"featured_media":5948453,"comment_status":"closed","ping_status":"closed","template":"","meta":[],"product_brand":[3500],"product_cat":[1541],"product_tag":[],"class_list":{"0":"post-3443683","1":"product","2":"type-product","3":"status-publish","4":"has-post-thumbnail","6":"product_brand-ultraflex-uflex-de","7":"product_cat-kabelsteuerung","9":"first","10":"instock","11":"shipping-taxable","12":"purchasable","13":"product-type-simple"},"_links":{"self":[{"href":"https:\/\/stoic-curie.212-227-153-4.plesk.page\/de\/wp-json\/wp\/v2\/product\/3443683","targetHints":{"allow":["GET"]}}],"collection":[{"href":"https:\/\/stoic-curie.212-227-153-4.plesk.page\/de\/wp-json\/wp\/v2\/product"}],"about":[{"href":"https:\/\/stoic-curie.212-227-153-4.plesk.page\/de\/wp-json\/wp\/v2\/types\/product"}],"replies":[{"embeddable":true,"href":"https:\/\/stoic-curie.212-227-153-4.plesk.page\/de\/wp-json\/wp\/v2\/comments?post=3443683"}],"version-history":[{"count":0,"href":"https:\/\/stoic-curie.212-227-153-4.plesk.page\/de\/wp-json\/wp\/v2\/product\/3443683\/revisions"}],"wp:featuredmedia":[{"embeddable":true,"href":"https:\/\/stoic-curie.212-227-153-4.plesk.page\/de\/wp-json\/wp\/v2\/media\/5948453"}],"wp:attachment":[{"href":"https:\/\/stoic-curie.212-227-153-4.plesk.page\/de\/wp-json\/wp\/v2\/media?parent=3443683"}],"wp:term":[{"taxonomy":"product_brand","embeddable":true,"href":"https:\/\/stoic-curie.212-227-153-4.plesk.page\/de\/wp-json\/wp\/v2\/product_brand?post=3443683"},{"taxonomy":"product_cat","embeddable":true,"href":"https:\/\/stoic-curie.212-227-153-4.plesk.page\/de\/wp-json\/wp\/v2\/product_cat?post=3443683"},{"taxonomy":"product_tag","embeddable":true,"href":"https:\/\/stoic-curie.212-227-153-4.plesk.page\/de\/wp-json\/wp\/v2\/product_tag?post=3443683"}],"curies":[{"name":"wp","href":"https:\/\/api.w.org\/{rel}","templated":true}]}}