{"id":3443702,"date":"2025-10-09T23:05:24","date_gmt":"2025-10-10T03:05:24","guid":{"rendered":"https:\/\/stoic-curie.212-227-153-4.plesk.page\/product\/ultraflex-x35-20-schwarz\/"},"modified":"2026-02-24T23:35:22","modified_gmt":"2026-02-24T23:35:22","slug":"ultraflex-x35-20-schwarz","status":"publish","type":"product","link":"https:\/\/stoic-curie.212-227-153-4.plesk.page\/de\/product\/ultraflex-x35-20-schwarz\/","title":{"rendered":"Ultraflex X35 20\u00b0 Schwarz"},"content":{"rendered":"<p>Ultraflex X35 20\u00b0 Schwarz &#8211; <\/p>\n<p>T91\/T93ZT hochprofessionelle Rotary-Steuerhelme f\u00fcr Boote mit Au\u00dfenbord-, Innenbord- und Heckantriebsmotoren bis zu 50 mph. Erg\u00e4nzen Sie sie mit dem M90 Mach-Steuerkabel. 4,2 Umdrehungen des Lenkrads von Anschlag zu Anschlag. T93ZT: Nicht-R\u00fcckw\u00e4rts-Typ, der das Zur\u00fcckkommen des Lenkrads verhindert und den gew\u00fcnschten Kurs beibeh\u00e4lt.<\/p>\n","protected":false},"excerpt":{"rendered":"<p>Ultraflex X35 20\u00b0 Schwarz &#8211; T91\/T93ZT hochprofessionelle Rotary-Steuerhelme f\u00fcr Boote mit Au\u00dfenbord-, Innenbord- und Heckantriebsmotoren bis zu 50 mph. Erg\u00e4nzen<\/p>\n","protected":false},"featured_media":5948454,"comment_status":"closed","ping_status":"closed","template":"","meta":[],"product_brand":[3500],"product_cat":[1541],"product_tag":[],"class_list":{"0":"post-3443702","1":"product","2":"type-product","3":"status-publish","4":"has-post-thumbnail","6":"product_brand-ultraflex-uflex-de","7":"product_cat-kabelsteuerung","9":"first","10":"instock","11":"shipping-taxable","12":"purchasable","13":"product-type-simple"},"_links":{"self":[{"href":"https:\/\/stoic-curie.212-227-153-4.plesk.page\/de\/wp-json\/wp\/v2\/product\/3443702","targetHints":{"allow":["GET"]}}],"collection":[{"href":"https:\/\/stoic-curie.212-227-153-4.plesk.page\/de\/wp-json\/wp\/v2\/product"}],"about":[{"href":"https:\/\/stoic-curie.212-227-153-4.plesk.page\/de\/wp-json\/wp\/v2\/types\/product"}],"replies":[{"embeddable":true,"href":"https:\/\/stoic-curie.212-227-153-4.plesk.page\/de\/wp-json\/wp\/v2\/comments?post=3443702"}],"version-history":[{"count":0,"href":"https:\/\/stoic-curie.212-227-153-4.plesk.page\/de\/wp-json\/wp\/v2\/product\/3443702\/revisions"}],"wp:featuredmedia":[{"embeddable":true,"href":"https:\/\/stoic-curie.212-227-153-4.plesk.page\/de\/wp-json\/wp\/v2\/media\/5948454"}],"wp:attachment":[{"href":"https:\/\/stoic-curie.212-227-153-4.plesk.page\/de\/wp-json\/wp\/v2\/media?parent=3443702"}],"wp:term":[{"taxonomy":"product_brand","embeddable":true,"href":"https:\/\/stoic-curie.212-227-153-4.plesk.page\/de\/wp-json\/wp\/v2\/product_brand?post=3443702"},{"taxonomy":"product_cat","embeddable":true,"href":"https:\/\/stoic-curie.212-227-153-4.plesk.page\/de\/wp-json\/wp\/v2\/product_cat?post=3443702"},{"taxonomy":"product_tag","embeddable":true,"href":"https:\/\/stoic-curie.212-227-153-4.plesk.page\/de\/wp-json\/wp\/v2\/product_tag?post=3443702"}],"curies":[{"name":"wp","href":"https:\/\/api.w.org\/{rel}","templated":true}]}}