{"id":3443727,"date":"2025-10-09T23:05:25","date_gmt":"2025-10-10T03:05:25","guid":{"rendered":"https:\/\/stoic-curie.212-227-153-4.plesk.page\/product\/anschluss-fuer-riviera-t01\/"},"modified":"2026-02-24T23:35:22","modified_gmt":"2026-02-24T23:35:22","slug":"anschluss-fuer-riviera-t01","status":"publish","type":"product","link":"https:\/\/stoic-curie.212-227-153-4.plesk.page\/de\/product\/anschluss-fuer-riviera-t01\/","title":{"rendered":"Anschluss f\u00fcr Riviera T01"},"content":{"rendered":"<p>Anschluss f\u00fcr Riviera T01 &#8211; <\/p>\n<p>Gewindefederdurchf\u00fchrung f\u00fcr das mechanische Steuersystem Riviera MD45. Sie dient dazu, die T01-Kabelh\u00fclle am Steuergeh\u00e4use zu verschrauben, was die Stabilit\u00e4t im Vergleich zur Gelenkverbindung verbessert.<\/p>\n","protected":false},"excerpt":{"rendered":"<p>Anschluss f\u00fcr Riviera T01 &#8211; Gewindefederdurchf\u00fchrung f\u00fcr das mechanische Steuersystem Riviera MD45. Sie dient dazu, die T01-Kabelh\u00fclle am Steuergeh\u00e4use zu<\/p>\n","protected":false},"featured_media":5948473,"comment_status":"closed","ping_status":"closed","template":"","meta":[],"product_brand":[3305],"product_cat":[1541],"product_tag":[],"class_list":{"0":"post-3443727","1":"product","2":"type-product","3":"status-publish","4":"has-post-thumbnail","6":"product_brand-riviera-de","7":"product_cat-kabelsteuerung","9":"first","10":"instock","11":"shipping-taxable","12":"purchasable","13":"product-type-simple"},"_links":{"self":[{"href":"https:\/\/stoic-curie.212-227-153-4.plesk.page\/de\/wp-json\/wp\/v2\/product\/3443727","targetHints":{"allow":["GET"]}}],"collection":[{"href":"https:\/\/stoic-curie.212-227-153-4.plesk.page\/de\/wp-json\/wp\/v2\/product"}],"about":[{"href":"https:\/\/stoic-curie.212-227-153-4.plesk.page\/de\/wp-json\/wp\/v2\/types\/product"}],"replies":[{"embeddable":true,"href":"https:\/\/stoic-curie.212-227-153-4.plesk.page\/de\/wp-json\/wp\/v2\/comments?post=3443727"}],"version-history":[{"count":0,"href":"https:\/\/stoic-curie.212-227-153-4.plesk.page\/de\/wp-json\/wp\/v2\/product\/3443727\/revisions"}],"wp:featuredmedia":[{"embeddable":true,"href":"https:\/\/stoic-curie.212-227-153-4.plesk.page\/de\/wp-json\/wp\/v2\/media\/5948473"}],"wp:attachment":[{"href":"https:\/\/stoic-curie.212-227-153-4.plesk.page\/de\/wp-json\/wp\/v2\/media?parent=3443727"}],"wp:term":[{"taxonomy":"product_brand","embeddable":true,"href":"https:\/\/stoic-curie.212-227-153-4.plesk.page\/de\/wp-json\/wp\/v2\/product_brand?post=3443727"},{"taxonomy":"product_cat","embeddable":true,"href":"https:\/\/stoic-curie.212-227-153-4.plesk.page\/de\/wp-json\/wp\/v2\/product_cat?post=3443727"},{"taxonomy":"product_tag","embeddable":true,"href":"https:\/\/stoic-curie.212-227-153-4.plesk.page\/de\/wp-json\/wp\/v2\/product_tag?post=3443727"}],"curies":[{"name":"wp","href":"https:\/\/api.w.org\/{rel}","templated":true}]}}