{"id":3443809,"date":"2025-10-09T23:05:29","date_gmt":"2025-10-10T03:05:29","guid":{"rendered":"https:\/\/stoic-curie.212-227-153-4.plesk.page\/product\/ultraflex-k35\/"},"modified":"2026-02-24T23:35:22","modified_gmt":"2026-02-24T23:35:22","slug":"ultraflex-k35","status":"publish","type":"product","link":"https:\/\/stoic-curie.212-227-153-4.plesk.page\/de\/product\/ultraflex-k35\/","title":{"rendered":"Ultraflex K35"},"content":{"rendered":"<p>Ultraflex K35 &#8211; <\/p>\n<p>Verbindungskit f\u00fcr C5\/C16\/MACH5-Kabel bei einhebeligen Steuerungen, ausgenommen B301\/B302\/B103\/B104. Es beinhaltet zwei Verl\u00e4ngerungen, eine f\u00fcr das Gaskabel und eine f\u00fcr das R\u00fcckw\u00e4rtskabel.<\/p>\n","protected":false},"excerpt":{"rendered":"<p>Ultraflex K35 &#8211; Verbindungskit f\u00fcr C5\/C16\/MACH5-Kabel bei einhebeligen Steuerungen, ausgenommen B301\/B302\/B103\/B104. Es beinhaltet zwei Verl\u00e4ngerungen, eine f\u00fcr das Gaskabel und<\/p>\n","protected":false},"featured_media":5948592,"comment_status":"closed","ping_status":"closed","template":"","meta":[],"product_brand":[3500],"product_cat":[1504,1497],"product_tag":[],"class_list":{"0":"post-3443809","1":"product","2":"type-product","3":"status-publish","4":"has-post-thumbnail","6":"product_brand-ultraflex-uflex-de","7":"product_cat-morse-hebelsteuerungen","8":"product_cat-morse-steuerkabel","10":"first","11":"instock","12":"shipping-taxable","13":"purchasable","14":"product-type-simple"},"_links":{"self":[{"href":"https:\/\/stoic-curie.212-227-153-4.plesk.page\/de\/wp-json\/wp\/v2\/product\/3443809","targetHints":{"allow":["GET"]}}],"collection":[{"href":"https:\/\/stoic-curie.212-227-153-4.plesk.page\/de\/wp-json\/wp\/v2\/product"}],"about":[{"href":"https:\/\/stoic-curie.212-227-153-4.plesk.page\/de\/wp-json\/wp\/v2\/types\/product"}],"replies":[{"embeddable":true,"href":"https:\/\/stoic-curie.212-227-153-4.plesk.page\/de\/wp-json\/wp\/v2\/comments?post=3443809"}],"version-history":[{"count":0,"href":"https:\/\/stoic-curie.212-227-153-4.plesk.page\/de\/wp-json\/wp\/v2\/product\/3443809\/revisions"}],"wp:featuredmedia":[{"embeddable":true,"href":"https:\/\/stoic-curie.212-227-153-4.plesk.page\/de\/wp-json\/wp\/v2\/media\/5948592"}],"wp:attachment":[{"href":"https:\/\/stoic-curie.212-227-153-4.plesk.page\/de\/wp-json\/wp\/v2\/media?parent=3443809"}],"wp:term":[{"taxonomy":"product_brand","embeddable":true,"href":"https:\/\/stoic-curie.212-227-153-4.plesk.page\/de\/wp-json\/wp\/v2\/product_brand?post=3443809"},{"taxonomy":"product_cat","embeddable":true,"href":"https:\/\/stoic-curie.212-227-153-4.plesk.page\/de\/wp-json\/wp\/v2\/product_cat?post=3443809"},{"taxonomy":"product_tag","embeddable":true,"href":"https:\/\/stoic-curie.212-227-153-4.plesk.page\/de\/wp-json\/wp\/v2\/product_tag?post=3443809"}],"curies":[{"name":"wp","href":"https:\/\/api.w.org\/{rel}","templated":true}]}}