{"id":3444278,"date":"2025-10-09T23:05:47","date_gmt":"2025-10-10T03:05:47","guid":{"rendered":"https:\/\/stoic-curie.212-227-153-4.plesk.page\/product\/getriebeoel-tk-250-ml\/"},"modified":"2026-02-24T23:35:23","modified_gmt":"2026-02-24T23:35:23","slug":"getriebeoel-tk-250-ml","status":"publish","type":"product","link":"https:\/\/stoic-curie.212-227-153-4.plesk.page\/de\/product\/getriebeoel-tk-250-ml\/","title":{"rendered":"Getriebe\u00f6l TK 250 ml"},"content":{"rendered":"<p>Getriebe\u00f6l TK 250 ml &#8211; <\/p>\n<p>Au\u00dfenbord-getriebe\u00f6l mit speziellen Verschlei\u00df- und Korrosionsschutzadditiven. Reduziert den Verschlei\u00df des Getriebes und sch\u00fctzt den Motor w\u00e4hrend Inaktivit\u00e4tsphasen.<\/p>\n","protected":false},"excerpt":{"rendered":"<p>Getriebe\u00f6l TK 250 ml &#8211; Au\u00dfenbord-getriebe\u00f6l mit speziellen Verschlei\u00df- und Korrosionsschutzadditiven. Reduziert den Verschlei\u00df des Getriebes und sch\u00fctzt den Motor<\/p>\n","protected":false},"featured_media":5948623,"comment_status":"closed","ping_status":"closed","template":"","meta":[],"product_brand":[3400],"product_cat":[1508],"product_tag":[],"class_list":{"0":"post-3444278","1":"product","2":"type-product","3":"status-publish","4":"has-post-thumbnail","6":"product_brand-silpar-tk-de","7":"product_cat-marine-schmierstoffe","9":"first","10":"instock","11":"shipping-taxable","12":"purchasable","13":"product-type-simple"},"_links":{"self":[{"href":"https:\/\/stoic-curie.212-227-153-4.plesk.page\/de\/wp-json\/wp\/v2\/product\/3444278","targetHints":{"allow":["GET"]}}],"collection":[{"href":"https:\/\/stoic-curie.212-227-153-4.plesk.page\/de\/wp-json\/wp\/v2\/product"}],"about":[{"href":"https:\/\/stoic-curie.212-227-153-4.plesk.page\/de\/wp-json\/wp\/v2\/types\/product"}],"replies":[{"embeddable":true,"href":"https:\/\/stoic-curie.212-227-153-4.plesk.page\/de\/wp-json\/wp\/v2\/comments?post=3444278"}],"version-history":[{"count":0,"href":"https:\/\/stoic-curie.212-227-153-4.plesk.page\/de\/wp-json\/wp\/v2\/product\/3444278\/revisions"}],"wp:featuredmedia":[{"embeddable":true,"href":"https:\/\/stoic-curie.212-227-153-4.plesk.page\/de\/wp-json\/wp\/v2\/media\/5948623"}],"wp:attachment":[{"href":"https:\/\/stoic-curie.212-227-153-4.plesk.page\/de\/wp-json\/wp\/v2\/media?parent=3444278"}],"wp:term":[{"taxonomy":"product_brand","embeddable":true,"href":"https:\/\/stoic-curie.212-227-153-4.plesk.page\/de\/wp-json\/wp\/v2\/product_brand?post=3444278"},{"taxonomy":"product_cat","embeddable":true,"href":"https:\/\/stoic-curie.212-227-153-4.plesk.page\/de\/wp-json\/wp\/v2\/product_cat?post=3444278"},{"taxonomy":"product_tag","embeddable":true,"href":"https:\/\/stoic-curie.212-227-153-4.plesk.page\/de\/wp-json\/wp\/v2\/product_tag?post=3444278"}],"curies":[{"name":"wp","href":"https:\/\/api.w.org\/{rel}","templated":true}]}}