{"id":3444291,"date":"2025-10-09T23:05:47","date_gmt":"2025-10-10T03:05:47","guid":{"rendered":"https:\/\/stoic-curie.212-227-153-4.plesk.page\/product\/crc-6-66-100ml\/"},"modified":"2026-02-24T23:35:23","modified_gmt":"2026-02-24T23:35:23","slug":"crc-6-66-100ml","status":"publish","type":"product","link":"https:\/\/stoic-curie.212-227-153-4.plesk.page\/de\/product\/crc-6-66-100ml\/","title":{"rendered":"CRC 6-66 100ml"},"content":{"rendered":"<p>CRC 6-66 100ml &#8211; <\/p>\n<p>CRC 6-66 sch\u00fctzt vor Korrosion durch Meeressalz, l\u00f6st, reinigt und schmiert alles. Wasserabweisend, hydrophob, ver\u00e4ndert nicht die Leitf\u00e4higkeit der elektrischen Kontakte.<\/p>\n","protected":false},"excerpt":{"rendered":"<p>CRC 6-66 100ml &#8211; CRC 6-66 sch\u00fctzt vor Korrosion durch Meeressalz, l\u00f6st, reinigt und schmiert alles. Wasserabweisend, hydrophob, ver\u00e4ndert nicht<\/p>\n","protected":false},"featured_media":5948624,"comment_status":"closed","ping_status":"closed","template":"","meta":[],"product_brand":[2870],"product_cat":[1453,1339],"product_tag":[],"class_list":{"0":"post-3444291","1":"product","2":"type-product","3":"status-publish","4":"has-post-thumbnail","6":"product_brand-crc-marine-de","7":"product_cat-elektrozubehoer","8":"product_cat-produkte-zur-wartung","10":"first","11":"instock","12":"shipping-taxable","13":"purchasable","14":"product-type-simple"},"_links":{"self":[{"href":"https:\/\/stoic-curie.212-227-153-4.plesk.page\/de\/wp-json\/wp\/v2\/product\/3444291","targetHints":{"allow":["GET"]}}],"collection":[{"href":"https:\/\/stoic-curie.212-227-153-4.plesk.page\/de\/wp-json\/wp\/v2\/product"}],"about":[{"href":"https:\/\/stoic-curie.212-227-153-4.plesk.page\/de\/wp-json\/wp\/v2\/types\/product"}],"replies":[{"embeddable":true,"href":"https:\/\/stoic-curie.212-227-153-4.plesk.page\/de\/wp-json\/wp\/v2\/comments?post=3444291"}],"version-history":[{"count":0,"href":"https:\/\/stoic-curie.212-227-153-4.plesk.page\/de\/wp-json\/wp\/v2\/product\/3444291\/revisions"}],"wp:featuredmedia":[{"embeddable":true,"href":"https:\/\/stoic-curie.212-227-153-4.plesk.page\/de\/wp-json\/wp\/v2\/media\/5948624"}],"wp:attachment":[{"href":"https:\/\/stoic-curie.212-227-153-4.plesk.page\/de\/wp-json\/wp\/v2\/media?parent=3444291"}],"wp:term":[{"taxonomy":"product_brand","embeddable":true,"href":"https:\/\/stoic-curie.212-227-153-4.plesk.page\/de\/wp-json\/wp\/v2\/product_brand?post=3444291"},{"taxonomy":"product_cat","embeddable":true,"href":"https:\/\/stoic-curie.212-227-153-4.plesk.page\/de\/wp-json\/wp\/v2\/product_cat?post=3444291"},{"taxonomy":"product_tag","embeddable":true,"href":"https:\/\/stoic-curie.212-227-153-4.plesk.page\/de\/wp-json\/wp\/v2\/product_tag?post=3444291"}],"curies":[{"name":"wp","href":"https:\/\/api.w.org\/{rel}","templated":true}]}}