{"id":3444296,"date":"2025-10-09T23:05:48","date_gmt":"2025-10-10T03:05:48","guid":{"rendered":"https:\/\/stoic-curie.212-227-153-4.plesk.page\/product\/crc-elektrischer-kontaktreiniger-250ml\/"},"modified":"2026-02-24T23:35:23","modified_gmt":"2026-02-24T23:35:23","slug":"crc-elektrischer-kontaktreiniger-250ml","status":"publish","type":"product","link":"https:\/\/stoic-curie.212-227-153-4.plesk.page\/de\/product\/crc-elektrischer-kontaktreiniger-250ml\/","title":{"rendered":"CRC Elektrischer Kontaktreiniger 250ml"},"content":{"rendered":"<p>CRC Elektrischer Kontaktreiniger 250ml &#8211; <\/p>\n<p>Reaktivierendes Kontaktreiniger. L\u00f6st und reinigt, w\u00e4hrend es elektrische Verluste reduziert, ohne die Schaltkreise zu besch\u00e4digen.<\/p>\n","protected":false},"excerpt":{"rendered":"<p>CRC Elektrischer Kontaktreiniger 250ml &#8211; Reaktivierendes Kontaktreiniger. L\u00f6st und reinigt, w\u00e4hrend es elektrische Verluste reduziert, ohne die Schaltkreise zu besch\u00e4digen.<\/p>\n","protected":false},"featured_media":5948627,"comment_status":"closed","ping_status":"closed","template":"","meta":[],"product_brand":[2870],"product_cat":[1453,1341],"product_tag":[],"class_list":{"0":"post-3444296","1":"product","2":"type-product","3":"status-publish","4":"has-post-thumbnail","6":"product_brand-crc-marine-de","7":"product_cat-elektrozubehoer","8":"product_cat-produkte-zur-reinigung","10":"first","11":"instock","12":"shipping-taxable","13":"purchasable","14":"product-type-simple"},"_links":{"self":[{"href":"https:\/\/stoic-curie.212-227-153-4.plesk.page\/de\/wp-json\/wp\/v2\/product\/3444296","targetHints":{"allow":["GET"]}}],"collection":[{"href":"https:\/\/stoic-curie.212-227-153-4.plesk.page\/de\/wp-json\/wp\/v2\/product"}],"about":[{"href":"https:\/\/stoic-curie.212-227-153-4.plesk.page\/de\/wp-json\/wp\/v2\/types\/product"}],"replies":[{"embeddable":true,"href":"https:\/\/stoic-curie.212-227-153-4.plesk.page\/de\/wp-json\/wp\/v2\/comments?post=3444296"}],"version-history":[{"count":0,"href":"https:\/\/stoic-curie.212-227-153-4.plesk.page\/de\/wp-json\/wp\/v2\/product\/3444296\/revisions"}],"wp:featuredmedia":[{"embeddable":true,"href":"https:\/\/stoic-curie.212-227-153-4.plesk.page\/de\/wp-json\/wp\/v2\/media\/5948627"}],"wp:attachment":[{"href":"https:\/\/stoic-curie.212-227-153-4.plesk.page\/de\/wp-json\/wp\/v2\/media?parent=3444296"}],"wp:term":[{"taxonomy":"product_brand","embeddable":true,"href":"https:\/\/stoic-curie.212-227-153-4.plesk.page\/de\/wp-json\/wp\/v2\/product_brand?post=3444296"},{"taxonomy":"product_cat","embeddable":true,"href":"https:\/\/stoic-curie.212-227-153-4.plesk.page\/de\/wp-json\/wp\/v2\/product_cat?post=3444296"},{"taxonomy":"product_tag","embeddable":true,"href":"https:\/\/stoic-curie.212-227-153-4.plesk.page\/de\/wp-json\/wp\/v2\/product_tag?post=3444296"}],"curies":[{"name":"wp","href":"https:\/\/api.w.org\/{rel}","templated":true}]}}