{"id":3444308,"date":"2025-10-09T23:05:48","date_gmt":"2025-10-10T03:05:48","guid":{"rendered":"https:\/\/stoic-curie.212-227-153-4.plesk.page\/product\/wd-40-silikon-schmiermittel-400ml\/"},"modified":"2026-02-24T23:35:23","modified_gmt":"2026-02-24T23:35:23","slug":"wd-40-silikon-schmiermittel-400ml","status":"publish","type":"product","link":"https:\/\/stoic-curie.212-227-153-4.plesk.page\/de\/product\/wd-40-silikon-schmiermittel-400ml\/","title":{"rendered":"WD-40 Silikon-Schmiermittel 400ml"},"content":{"rendered":"<p>WD-40 Silikon-Schmiermittel 400ml &#8211; <\/p>\n<p>Silicon\u00f6l mit verstellbarer Auslaufd\u00fcse. Schmierung, zieht keinen Schmutz an, verhindert Verklebungen und isoliert vor Feuchtigkeit. Temperaturbest\u00e4ndig bis 200 \u00b0C, ideal f\u00fcr Riemen, Dichtungen, Werkzeuge, Ventile, Scharniere, Riemenscheiben, Metalle, Kunststoffe, Gummi und Holz.<\/p>\n","protected":false},"excerpt":{"rendered":"<p>WD-40 Silikon-Schmiermittel 400ml &#8211; Silicon\u00f6l mit verstellbarer Auslaufd\u00fcse. Schmierung, zieht keinen Schmutz an, verhindert Verklebungen und isoliert vor Feuchtigkeit. Temperaturbest\u00e4ndig<\/p>\n","protected":false},"featured_media":5948628,"comment_status":"closed","ping_status":"closed","template":"","meta":[],"product_brand":[3235],"product_cat":[1508,1339],"product_tag":[],"class_list":{"0":"post-3444308","1":"product","2":"type-product","3":"status-publish","4":"has-post-thumbnail","6":"product_brand-osculati-de","7":"product_cat-marine-schmierstoffe","8":"product_cat-produkte-zur-wartung","10":"first","11":"instock","12":"shipping-taxable","13":"purchasable","14":"product-type-simple"},"_links":{"self":[{"href":"https:\/\/stoic-curie.212-227-153-4.plesk.page\/de\/wp-json\/wp\/v2\/product\/3444308","targetHints":{"allow":["GET"]}}],"collection":[{"href":"https:\/\/stoic-curie.212-227-153-4.plesk.page\/de\/wp-json\/wp\/v2\/product"}],"about":[{"href":"https:\/\/stoic-curie.212-227-153-4.plesk.page\/de\/wp-json\/wp\/v2\/types\/product"}],"replies":[{"embeddable":true,"href":"https:\/\/stoic-curie.212-227-153-4.plesk.page\/de\/wp-json\/wp\/v2\/comments?post=3444308"}],"version-history":[{"count":0,"href":"https:\/\/stoic-curie.212-227-153-4.plesk.page\/de\/wp-json\/wp\/v2\/product\/3444308\/revisions"}],"wp:featuredmedia":[{"embeddable":true,"href":"https:\/\/stoic-curie.212-227-153-4.plesk.page\/de\/wp-json\/wp\/v2\/media\/5948628"}],"wp:attachment":[{"href":"https:\/\/stoic-curie.212-227-153-4.plesk.page\/de\/wp-json\/wp\/v2\/media?parent=3444308"}],"wp:term":[{"taxonomy":"product_brand","embeddable":true,"href":"https:\/\/stoic-curie.212-227-153-4.plesk.page\/de\/wp-json\/wp\/v2\/product_brand?post=3444308"},{"taxonomy":"product_cat","embeddable":true,"href":"https:\/\/stoic-curie.212-227-153-4.plesk.page\/de\/wp-json\/wp\/v2\/product_cat?post=3444308"},{"taxonomy":"product_tag","embeddable":true,"href":"https:\/\/stoic-curie.212-227-153-4.plesk.page\/de\/wp-json\/wp\/v2\/product_tag?post=3444308"}],"curies":[{"name":"wp","href":"https:\/\/api.w.org\/{rel}","templated":true}]}}