{"id":3444324,"date":"2025-10-09T23:05:49","date_gmt":"2025-10-10T03:05:49","guid":{"rendered":"https:\/\/stoic-curie.212-227-153-4.plesk.page\/product\/wd-40-schmierfett-400ml\/"},"modified":"2026-02-24T23:35:23","modified_gmt":"2026-02-24T23:35:23","slug":"wd-40-schmierfett-400ml","status":"publish","type":"product","link":"https:\/\/stoic-curie.212-227-153-4.plesk.page\/de\/product\/wd-40-schmierfett-400ml\/","title":{"rendered":"WD-40 Schmierfett 400ml"},"content":{"rendered":"<p>WD-40 Schmierfett 400ml &#8211; <\/p>\n<p>Hochleistungsfett-Spray mit verstellbarer Spr\u00fchd\u00fcse. Es schmiert, haftet lange, dichtet ab und sch\u00fctzt vor Korrosion. Es tropft nicht und ist sogar auf vertikalen Fl\u00e4chen wasserabweisend. Bis zu 115 \u00b0C effektiv, ist es ideal f\u00fcr Scharniere, Schrauben, F\u00fchrungen, Rollen, Ketten, Kabel, Zahnr\u00e4der, Lager und Werkzeuge.<\/p>\n","protected":false},"excerpt":{"rendered":"<p>WD-40 Schmierfett 400ml &#8211; Hochleistungsfett-Spray mit verstellbarer Spr\u00fchd\u00fcse. Es schmiert, haftet lange, dichtet ab und sch\u00fctzt vor Korrosion. Es tropft<\/p>\n","protected":false},"featured_media":5948632,"comment_status":"closed","ping_status":"closed","template":"","meta":[],"product_brand":[3235],"product_cat":[1508],"product_tag":[],"class_list":{"0":"post-3444324","1":"product","2":"type-product","3":"status-publish","4":"has-post-thumbnail","6":"product_brand-osculati-de","7":"product_cat-marine-schmierstoffe","9":"first","10":"instock","11":"shipping-taxable","12":"purchasable","13":"product-type-simple"},"_links":{"self":[{"href":"https:\/\/stoic-curie.212-227-153-4.plesk.page\/de\/wp-json\/wp\/v2\/product\/3444324","targetHints":{"allow":["GET"]}}],"collection":[{"href":"https:\/\/stoic-curie.212-227-153-4.plesk.page\/de\/wp-json\/wp\/v2\/product"}],"about":[{"href":"https:\/\/stoic-curie.212-227-153-4.plesk.page\/de\/wp-json\/wp\/v2\/types\/product"}],"replies":[{"embeddable":true,"href":"https:\/\/stoic-curie.212-227-153-4.plesk.page\/de\/wp-json\/wp\/v2\/comments?post=3444324"}],"version-history":[{"count":0,"href":"https:\/\/stoic-curie.212-227-153-4.plesk.page\/de\/wp-json\/wp\/v2\/product\/3444324\/revisions"}],"wp:featuredmedia":[{"embeddable":true,"href":"https:\/\/stoic-curie.212-227-153-4.plesk.page\/de\/wp-json\/wp\/v2\/media\/5948632"}],"wp:attachment":[{"href":"https:\/\/stoic-curie.212-227-153-4.plesk.page\/de\/wp-json\/wp\/v2\/media?parent=3444324"}],"wp:term":[{"taxonomy":"product_brand","embeddable":true,"href":"https:\/\/stoic-curie.212-227-153-4.plesk.page\/de\/wp-json\/wp\/v2\/product_brand?post=3444324"},{"taxonomy":"product_cat","embeddable":true,"href":"https:\/\/stoic-curie.212-227-153-4.plesk.page\/de\/wp-json\/wp\/v2\/product_cat?post=3444324"},{"taxonomy":"product_tag","embeddable":true,"href":"https:\/\/stoic-curie.212-227-153-4.plesk.page\/de\/wp-json\/wp\/v2\/product_tag?post=3444324"}],"curies":[{"name":"wp","href":"https:\/\/api.w.org\/{rel}","templated":true}]}}