{"id":3444341,"date":"2025-10-09T23:05:49","date_gmt":"2025-10-10T03:05:49","guid":{"rendered":"https:\/\/stoic-curie.212-227-153-4.plesk.page\/product\/wd-40-kontaktspray-400ml\/"},"modified":"2026-02-24T23:35:23","modified_gmt":"2026-02-24T23:35:23","slug":"wd-40-kontaktspray-400ml","status":"publish","type":"product","link":"https:\/\/stoic-curie.212-227-153-4.plesk.page\/de\/product\/wd-40-kontaktspray-400ml\/","title":{"rendered":"WD-40 Kontaktspray 400ml"},"content":{"rendered":"<p>WD-40 Kontaktspray 400ml &#8211; <\/p>\n<p>Schnell trocknender Kontaktreiniger mit verstellbarem Spritzd\u00fcsenaufsatz. L\u00f6st Fett, Schmutz, Kondensat und Schwei\u00dfr\u00fcckst\u00e4nde auf Kontakten, Schaltkreisen, Steuerungen, Schaltern sowie allen elektrischen und elektronischen Ger\u00e4ten. Dielektrisch, sch\u00fctzt Metall, Kunststoff und Gummi und hinterl\u00e4sst keine R\u00fcckst\u00e4nde.<\/p>\n","protected":false},"excerpt":{"rendered":"<p>WD-40 Kontaktspray 400ml &#8211; Schnell trocknender Kontaktreiniger mit verstellbarem Spritzd\u00fcsenaufsatz. L\u00f6st Fett, Schmutz, Kondensat und Schwei\u00dfr\u00fcckst\u00e4nde auf Kontakten, Schaltkreisen, Steuerungen,<\/p>\n","protected":false},"featured_media":5948634,"comment_status":"closed","ping_status":"closed","template":"","meta":[],"product_brand":[3235],"product_cat":[1453,1339],"product_tag":[],"class_list":{"0":"post-3444341","1":"product","2":"type-product","3":"status-publish","4":"has-post-thumbnail","6":"product_brand-osculati-de","7":"product_cat-elektrozubehoer","8":"product_cat-produkte-zur-wartung","10":"first","11":"instock","12":"shipping-taxable","13":"purchasable","14":"product-type-simple"},"_links":{"self":[{"href":"https:\/\/stoic-curie.212-227-153-4.plesk.page\/de\/wp-json\/wp\/v2\/product\/3444341","targetHints":{"allow":["GET"]}}],"collection":[{"href":"https:\/\/stoic-curie.212-227-153-4.plesk.page\/de\/wp-json\/wp\/v2\/product"}],"about":[{"href":"https:\/\/stoic-curie.212-227-153-4.plesk.page\/de\/wp-json\/wp\/v2\/types\/product"}],"replies":[{"embeddable":true,"href":"https:\/\/stoic-curie.212-227-153-4.plesk.page\/de\/wp-json\/wp\/v2\/comments?post=3444341"}],"version-history":[{"count":0,"href":"https:\/\/stoic-curie.212-227-153-4.plesk.page\/de\/wp-json\/wp\/v2\/product\/3444341\/revisions"}],"wp:featuredmedia":[{"embeddable":true,"href":"https:\/\/stoic-curie.212-227-153-4.plesk.page\/de\/wp-json\/wp\/v2\/media\/5948634"}],"wp:attachment":[{"href":"https:\/\/stoic-curie.212-227-153-4.plesk.page\/de\/wp-json\/wp\/v2\/media?parent=3444341"}],"wp:term":[{"taxonomy":"product_brand","embeddable":true,"href":"https:\/\/stoic-curie.212-227-153-4.plesk.page\/de\/wp-json\/wp\/v2\/product_brand?post=3444341"},{"taxonomy":"product_cat","embeddable":true,"href":"https:\/\/stoic-curie.212-227-153-4.plesk.page\/de\/wp-json\/wp\/v2\/product_cat?post=3444341"},{"taxonomy":"product_tag","embeddable":true,"href":"https:\/\/stoic-curie.212-227-153-4.plesk.page\/de\/wp-json\/wp\/v2\/product_tag?post=3444341"}],"curies":[{"name":"wp","href":"https:\/\/api.w.org\/{rel}","templated":true}]}}