{"id":3444346,"date":"2025-10-09T23:05:50","date_gmt":"2025-10-10T03:05:50","guid":{"rendered":"https:\/\/stoic-curie.212-227-153-4.plesk.page\/product\/ptfe-fett-teflub-125-ml\/"},"modified":"2026-02-24T23:35:23","modified_gmt":"2026-02-24T23:35:23","slug":"ptfe-fett-teflub-125-ml","status":"publish","type":"product","link":"https:\/\/stoic-curie.212-227-153-4.plesk.page\/de\/product\/ptfe-fett-teflub-125-ml\/","title":{"rendered":"PTFE-Fett Teflub, 125 ml"},"content":{"rendered":"<p>PTFE-Fett Teflub, 125 ml &#8211; <\/p>\n<p>Teflub ist ein wei\u00dfes Fett, das auf einem festen PTFE-Schmierstoff basiert und eine langanhaltende Wirkung hat. Es verringert den Reibungskoeffizienten und gew\u00e4hrleistet mechanischen Abriebschutz sowie eine Anti-Blockade-Wirkung. Es enth\u00e4lt Korrosionsinhibitoren und widersteht dem Abwaschen, selbst bei hohen Temperaturen von bis zu 90 \u00b0C. Betriebstemperatur von -20 bis +160 \u00b0C. Besonders geeignet f\u00fcr Metall- und Kunststoffkupplungen, f\u00fcr Beschl\u00e4ge, Marine-Motoren und alle Elemente, die Kondensation, Regen oder Wasserstrahlen ausgesetzt sind.<\/p>\n","protected":false},"excerpt":{"rendered":"<p>PTFE-Fett Teflub, 125 ml &#8211; Teflub ist ein wei\u00dfes Fett, das auf einem festen PTFE-Schmierstoff basiert und eine langanhaltende Wirkung<\/p>\n","protected":false},"featured_media":5944749,"comment_status":"closed","ping_status":"closed","template":"","meta":[],"product_brand":[2870],"product_cat":[1508,1339],"product_tag":[],"class_list":{"0":"post-3444346","1":"product","2":"type-product","3":"status-publish","4":"has-post-thumbnail","6":"product_brand-crc-marine-de","7":"product_cat-marine-schmierstoffe","8":"product_cat-produkte-zur-wartung","10":"first","11":"instock","12":"shipping-taxable","13":"purchasable","14":"product-type-simple"},"_links":{"self":[{"href":"https:\/\/stoic-curie.212-227-153-4.plesk.page\/de\/wp-json\/wp\/v2\/product\/3444346","targetHints":{"allow":["GET"]}}],"collection":[{"href":"https:\/\/stoic-curie.212-227-153-4.plesk.page\/de\/wp-json\/wp\/v2\/product"}],"about":[{"href":"https:\/\/stoic-curie.212-227-153-4.plesk.page\/de\/wp-json\/wp\/v2\/types\/product"}],"replies":[{"embeddable":true,"href":"https:\/\/stoic-curie.212-227-153-4.plesk.page\/de\/wp-json\/wp\/v2\/comments?post=3444346"}],"version-history":[{"count":0,"href":"https:\/\/stoic-curie.212-227-153-4.plesk.page\/de\/wp-json\/wp\/v2\/product\/3444346\/revisions"}],"wp:featuredmedia":[{"embeddable":true,"href":"https:\/\/stoic-curie.212-227-153-4.plesk.page\/de\/wp-json\/wp\/v2\/media\/5944749"}],"wp:attachment":[{"href":"https:\/\/stoic-curie.212-227-153-4.plesk.page\/de\/wp-json\/wp\/v2\/media?parent=3444346"}],"wp:term":[{"taxonomy":"product_brand","embeddable":true,"href":"https:\/\/stoic-curie.212-227-153-4.plesk.page\/de\/wp-json\/wp\/v2\/product_brand?post=3444346"},{"taxonomy":"product_cat","embeddable":true,"href":"https:\/\/stoic-curie.212-227-153-4.plesk.page\/de\/wp-json\/wp\/v2\/product_cat?post=3444346"},{"taxonomy":"product_tag","embeddable":true,"href":"https:\/\/stoic-curie.212-227-153-4.plesk.page\/de\/wp-json\/wp\/v2\/product_tag?post=3444346"}],"curies":[{"name":"wp","href":"https:\/\/api.w.org\/{rel}","templated":true}]}}