{"id":3444350,"date":"2025-10-09T23:05:50","date_gmt":"2025-10-10T03:05:50","guid":{"rendered":"https:\/\/stoic-curie.212-227-153-4.plesk.page\/product\/tk-gelcoat-spray-400ml-farbe-reinweiss\/"},"modified":"2026-02-24T23:35:23","modified_gmt":"2026-02-24T23:35:23","slug":"tk-gelcoat-spray-400ml-farbe-reinweiss","status":"publish","type":"product","link":"https:\/\/stoic-curie.212-227-153-4.plesk.page\/de\/product\/tk-gelcoat-spray-400ml-farbe-reinweiss\/","title":{"rendered":"TK Gelcoat-Spray 400ml Farbe Reinwei\u00df"},"content":{"rendered":"<p>TK Gelcoat-Spray 400ml Farbe Reinwei\u00df &#8211; <\/p>\n<p>Hochdichtes Spr\u00fchlack f\u00fcr mit Gelcoat und Polyesterharz behandelte Fiberglasoberfl\u00e4chen. Erneuert behandelte Oberfl\u00e4chen gleichm\u00e4\u00dfig und erm\u00f6glicht eine schnelle Abdeckung, indem Porosit\u00e4ten gegl\u00e4ttet werden.<\/p>\n","protected":false},"excerpt":{"rendered":"<p>TK Gelcoat-Spray 400ml Farbe Reinwei\u00df &#8211; Hochdichtes Spr\u00fchlack f\u00fcr mit Gelcoat und Polyesterharz behandelte Fiberglasoberfl\u00e4chen. Erneuert behandelte Oberfl\u00e4chen gleichm\u00e4\u00dfig und<\/p>\n","protected":false},"featured_media":5948637,"comment_status":"closed","ping_status":"closed","template":"","meta":[],"product_brand":[3400],"product_cat":[1347],"product_tag":[],"class_list":{"0":"post-3444350","1":"product","2":"type-product","3":"status-publish","4":"has-post-thumbnail","6":"product_brand-silpar-tk-de","7":"product_cat-marine-lack","9":"first","10":"instock","11":"shipping-taxable","12":"purchasable","13":"product-type-simple"},"_links":{"self":[{"href":"https:\/\/stoic-curie.212-227-153-4.plesk.page\/de\/wp-json\/wp\/v2\/product\/3444350","targetHints":{"allow":["GET"]}}],"collection":[{"href":"https:\/\/stoic-curie.212-227-153-4.plesk.page\/de\/wp-json\/wp\/v2\/product"}],"about":[{"href":"https:\/\/stoic-curie.212-227-153-4.plesk.page\/de\/wp-json\/wp\/v2\/types\/product"}],"replies":[{"embeddable":true,"href":"https:\/\/stoic-curie.212-227-153-4.plesk.page\/de\/wp-json\/wp\/v2\/comments?post=3444350"}],"version-history":[{"count":0,"href":"https:\/\/stoic-curie.212-227-153-4.plesk.page\/de\/wp-json\/wp\/v2\/product\/3444350\/revisions"}],"wp:featuredmedia":[{"embeddable":true,"href":"https:\/\/stoic-curie.212-227-153-4.plesk.page\/de\/wp-json\/wp\/v2\/media\/5948637"}],"wp:attachment":[{"href":"https:\/\/stoic-curie.212-227-153-4.plesk.page\/de\/wp-json\/wp\/v2\/media?parent=3444350"}],"wp:term":[{"taxonomy":"product_brand","embeddable":true,"href":"https:\/\/stoic-curie.212-227-153-4.plesk.page\/de\/wp-json\/wp\/v2\/product_brand?post=3444350"},{"taxonomy":"product_cat","embeddable":true,"href":"https:\/\/stoic-curie.212-227-153-4.plesk.page\/de\/wp-json\/wp\/v2\/product_cat?post=3444350"},{"taxonomy":"product_tag","embeddable":true,"href":"https:\/\/stoic-curie.212-227-153-4.plesk.page\/de\/wp-json\/wp\/v2\/product_tag?post=3444350"}],"curies":[{"name":"wp","href":"https:\/\/api.w.org\/{rel}","templated":true}]}}