{"id":3444382,"date":"2025-10-09T23:05:51","date_gmt":"2025-10-10T03:05:51","guid":{"rendered":"https:\/\/stoic-curie.212-227-153-4.plesk.page\/product\/wasserlinienfolie-blau-25m-x-h20mm\/"},"modified":"2026-02-24T23:35:23","modified_gmt":"2026-02-24T23:35:23","slug":"wasserlinienfolie-blau-25m-x-h20mm","status":"publish","type":"product","link":"https:\/\/stoic-curie.212-227-153-4.plesk.page\/de\/product\/wasserlinienfolie-blau-25m-x-h20mm\/","title":{"rendered":"Wasserlinienfolie Blau 25m x H20mm"},"content":{"rendered":"<p>Wasserlinienfolie Blau 25m x H20mm &#8211; <\/p>\n<p>Stabilisierte Vinyl-Wasserlinienstreifen in erstklassiger Qualit\u00e4t mit selbstklebender R\u00fcckseite. Temperaturwechsel, UV-Strahlen und wetterbest\u00e4ndig. Hergestellt mit einer leicht abnehmbaren Schutzfolie f\u00fcr eine einfache Anwendung.<\/p>\n","protected":false},"excerpt":{"rendered":"<p>Wasserlinienfolie Blau 25m x H20mm &#8211; Stabilisierte Vinyl-Wasserlinienstreifen in erstklassiger Qualit\u00e4t mit selbstklebender R\u00fcckseite. Temperaturwechsel, UV-Strahlen und wetterbest\u00e4ndig. Hergestellt mit<\/p>\n","protected":false},"featured_media":5948639,"comment_status":"closed","ping_status":"closed","template":"","meta":[],"product_brand":[3235],"product_cat":[1351],"product_tag":[],"class_list":{"0":"post-3444382","1":"product","2":"type-product","3":"status-publish","4":"has-post-thumbnail","6":"product_brand-osculati-de","7":"product_cat-klebeband-fuer-wasserlinien","9":"first","10":"instock","11":"shipping-taxable","12":"purchasable","13":"product-type-simple"},"_links":{"self":[{"href":"https:\/\/stoic-curie.212-227-153-4.plesk.page\/de\/wp-json\/wp\/v2\/product\/3444382","targetHints":{"allow":["GET"]}}],"collection":[{"href":"https:\/\/stoic-curie.212-227-153-4.plesk.page\/de\/wp-json\/wp\/v2\/product"}],"about":[{"href":"https:\/\/stoic-curie.212-227-153-4.plesk.page\/de\/wp-json\/wp\/v2\/types\/product"}],"replies":[{"embeddable":true,"href":"https:\/\/stoic-curie.212-227-153-4.plesk.page\/de\/wp-json\/wp\/v2\/comments?post=3444382"}],"version-history":[{"count":0,"href":"https:\/\/stoic-curie.212-227-153-4.plesk.page\/de\/wp-json\/wp\/v2\/product\/3444382\/revisions"}],"wp:featuredmedia":[{"embeddable":true,"href":"https:\/\/stoic-curie.212-227-153-4.plesk.page\/de\/wp-json\/wp\/v2\/media\/5948639"}],"wp:attachment":[{"href":"https:\/\/stoic-curie.212-227-153-4.plesk.page\/de\/wp-json\/wp\/v2\/media?parent=3444382"}],"wp:term":[{"taxonomy":"product_brand","embeddable":true,"href":"https:\/\/stoic-curie.212-227-153-4.plesk.page\/de\/wp-json\/wp\/v2\/product_brand?post=3444382"},{"taxonomy":"product_cat","embeddable":true,"href":"https:\/\/stoic-curie.212-227-153-4.plesk.page\/de\/wp-json\/wp\/v2\/product_cat?post=3444382"},{"taxonomy":"product_tag","embeddable":true,"href":"https:\/\/stoic-curie.212-227-153-4.plesk.page\/de\/wp-json\/wp\/v2\/product_tag?post=3444382"}],"curies":[{"name":"wp","href":"https:\/\/api.w.org\/{rel}","templated":true}]}}