{"id":3444434,"date":"2025-10-09T23:05:53","date_gmt":"2025-10-10T03:05:53","guid":{"rendered":"https:\/\/stoic-curie.212-227-153-4.plesk.page\/product\/wasserlinienfolie-blau-25m-x-h45mm\/"},"modified":"2026-02-24T23:35:23","modified_gmt":"2026-02-24T23:35:23","slug":"wasserlinienfolie-blau-25m-x-h45mm","status":"publish","type":"product","link":"https:\/\/stoic-curie.212-227-153-4.plesk.page\/de\/product\/wasserlinienfolie-blau-25m-x-h45mm\/","title":{"rendered":"Wasserlinienfolie Blau 25m x H45mm"},"content":{"rendered":"<p>Wasserlinienfolie Blau 25m x H45mm &#8211; <\/p>\n<p>Stabilisierte Vinylstreifen in \u00fcberragender Qualit\u00e4t mit selbstklebenden Wasserlinien. Sie sind temperaturbest\u00e4ndig, UV-resistent und wetterfest. Hergestellt mit einer leicht abziehbaren Folie f\u00fcr eine einfache Anwendung.<\/p>\n","protected":false},"excerpt":{"rendered":"<p>Wasserlinienfolie Blau 25m x H45mm &#8211; Stabilisierte Vinylstreifen in \u00fcberragender Qualit\u00e4t mit selbstklebenden Wasserlinien. Sie sind temperaturbest\u00e4ndig, UV-resistent und wetterfest.<\/p>\n","protected":false},"featured_media":5948639,"comment_status":"closed","ping_status":"closed","template":"","meta":[],"product_brand":[3235],"product_cat":[1351],"product_tag":[],"class_list":{"0":"post-3444434","1":"product","2":"type-product","3":"status-publish","4":"has-post-thumbnail","6":"product_brand-osculati-de","7":"product_cat-klebeband-fuer-wasserlinien","9":"first","10":"instock","11":"shipping-taxable","12":"purchasable","13":"product-type-simple"},"_links":{"self":[{"href":"https:\/\/stoic-curie.212-227-153-4.plesk.page\/de\/wp-json\/wp\/v2\/product\/3444434","targetHints":{"allow":["GET"]}}],"collection":[{"href":"https:\/\/stoic-curie.212-227-153-4.plesk.page\/de\/wp-json\/wp\/v2\/product"}],"about":[{"href":"https:\/\/stoic-curie.212-227-153-4.plesk.page\/de\/wp-json\/wp\/v2\/types\/product"}],"replies":[{"embeddable":true,"href":"https:\/\/stoic-curie.212-227-153-4.plesk.page\/de\/wp-json\/wp\/v2\/comments?post=3444434"}],"version-history":[{"count":0,"href":"https:\/\/stoic-curie.212-227-153-4.plesk.page\/de\/wp-json\/wp\/v2\/product\/3444434\/revisions"}],"wp:featuredmedia":[{"embeddable":true,"href":"https:\/\/stoic-curie.212-227-153-4.plesk.page\/de\/wp-json\/wp\/v2\/media\/5948639"}],"wp:attachment":[{"href":"https:\/\/stoic-curie.212-227-153-4.plesk.page\/de\/wp-json\/wp\/v2\/media?parent=3444434"}],"wp:term":[{"taxonomy":"product_brand","embeddable":true,"href":"https:\/\/stoic-curie.212-227-153-4.plesk.page\/de\/wp-json\/wp\/v2\/product_brand?post=3444434"},{"taxonomy":"product_cat","embeddable":true,"href":"https:\/\/stoic-curie.212-227-153-4.plesk.page\/de\/wp-json\/wp\/v2\/product_cat?post=3444434"},{"taxonomy":"product_tag","embeddable":true,"href":"https:\/\/stoic-curie.212-227-153-4.plesk.page\/de\/wp-json\/wp\/v2\/product_tag?post=3444434"}],"curies":[{"name":"wp","href":"https:\/\/api.w.org\/{rel}","templated":true}]}}