{"id":3444449,"date":"2025-10-09T23:05:54","date_gmt":"2025-10-10T03:05:54","guid":{"rendered":"https:\/\/stoic-curie.212-227-153-4.plesk.page\/product\/spruehfarbe-tk-gelb-fluo\/"},"modified":"2026-02-24T23:35:23","modified_gmt":"2026-02-24T23:35:23","slug":"spruehfarbe-tk-gelb-fluo","status":"publish","type":"product","link":"https:\/\/stoic-curie.212-227-153-4.plesk.page\/de\/product\/spruehfarbe-tk-gelb-fluo\/","title":{"rendered":"Spr\u00fchfarbe Tk Gelb Fluo"},"content":{"rendered":"<p>Spr\u00fchfarbe Tk Gelb Fluo &#8211; <\/p>\n<p>Schnelltrocknende Spr\u00fchfarben, die von den Herstellern der Motoren f\u00fcr das Nachbessern und Lackieren von marinen Motoren zugelassen sind. 400 ml Spr\u00fchdosen.<\/p>\n","protected":false},"excerpt":{"rendered":"<p>Spr\u00fchfarbe Tk Gelb Fluo &#8211; Schnelltrocknende Spr\u00fchfarben, die von den Herstellern der Motoren f\u00fcr das Nachbessern und Lackieren von marinen<\/p>\n","protected":false},"featured_media":5940705,"comment_status":"closed","ping_status":"closed","template":"","meta":[],"product_brand":[3400],"product_cat":[1347],"product_tag":[],"class_list":{"0":"post-3444449","1":"product","2":"type-product","3":"status-publish","4":"has-post-thumbnail","6":"product_brand-silpar-tk-de","7":"product_cat-marine-lack","9":"first","10":"instock","11":"shipping-taxable","12":"purchasable","13":"product-type-simple"},"_links":{"self":[{"href":"https:\/\/stoic-curie.212-227-153-4.plesk.page\/de\/wp-json\/wp\/v2\/product\/3444449","targetHints":{"allow":["GET"]}}],"collection":[{"href":"https:\/\/stoic-curie.212-227-153-4.plesk.page\/de\/wp-json\/wp\/v2\/product"}],"about":[{"href":"https:\/\/stoic-curie.212-227-153-4.plesk.page\/de\/wp-json\/wp\/v2\/types\/product"}],"replies":[{"embeddable":true,"href":"https:\/\/stoic-curie.212-227-153-4.plesk.page\/de\/wp-json\/wp\/v2\/comments?post=3444449"}],"version-history":[{"count":0,"href":"https:\/\/stoic-curie.212-227-153-4.plesk.page\/de\/wp-json\/wp\/v2\/product\/3444449\/revisions"}],"wp:featuredmedia":[{"embeddable":true,"href":"https:\/\/stoic-curie.212-227-153-4.plesk.page\/de\/wp-json\/wp\/v2\/media\/5940705"}],"wp:attachment":[{"href":"https:\/\/stoic-curie.212-227-153-4.plesk.page\/de\/wp-json\/wp\/v2\/media?parent=3444449"}],"wp:term":[{"taxonomy":"product_brand","embeddable":true,"href":"https:\/\/stoic-curie.212-227-153-4.plesk.page\/de\/wp-json\/wp\/v2\/product_brand?post=3444449"},{"taxonomy":"product_cat","embeddable":true,"href":"https:\/\/stoic-curie.212-227-153-4.plesk.page\/de\/wp-json\/wp\/v2\/product_cat?post=3444449"},{"taxonomy":"product_tag","embeddable":true,"href":"https:\/\/stoic-curie.212-227-153-4.plesk.page\/de\/wp-json\/wp\/v2\/product_tag?post=3444449"}],"curies":[{"name":"wp","href":"https:\/\/api.w.org\/{rel}","templated":true}]}}