{"id":3444562,"date":"2025-10-09T23:05:58","date_gmt":"2025-10-10T03:05:58","guid":{"rendered":"https:\/\/stoic-curie.212-227-153-4.plesk.page\/product\/motorlack-tk-grau-fuer-mariner\/"},"modified":"2026-02-24T23:35:23","modified_gmt":"2026-02-24T23:35:23","slug":"motorlack-tk-grau-fuer-mariner","status":"publish","type":"product","link":"https:\/\/stoic-curie.212-227-153-4.plesk.page\/de\/product\/motorlack-tk-grau-fuer-mariner\/","title":{"rendered":"Motorlack TK Grau f\u00fcr Mariner"},"content":{"rendered":"<p>Motorlack TK Grau f\u00fcr Mariner &#8211; <\/p>\n<p>Schnelltrocknende Spr\u00fchfarben, die von den Herstellern der Motoren f\u00fcr das Retuschieren und Lackieren von Marine-Motoren genehmigt sind. 400 ml Spr\u00fchdosen.<\/p>\n","protected":false},"excerpt":{"rendered":"<p>Motorlack TK Grau f\u00fcr Mariner &#8211; Schnelltrocknende Spr\u00fchfarben, die von den Herstellern der Motoren f\u00fcr das Retuschieren und Lackieren von<\/p>\n","protected":false},"featured_media":5940705,"comment_status":"closed","ping_status":"closed","template":"","meta":[],"product_brand":[3400],"product_cat":[1528,1347],"product_tag":[],"class_list":{"0":"post-3444562","1":"product","2":"type-product","3":"status-publish","4":"has-post-thumbnail","6":"product_brand-silpar-tk-de","7":"product_cat-marine-ersatzteile-fuer-mercury-und-mariner","8":"product_cat-marine-lack","10":"first","11":"instock","12":"shipping-taxable","13":"purchasable","14":"product-type-simple"},"_links":{"self":[{"href":"https:\/\/stoic-curie.212-227-153-4.plesk.page\/de\/wp-json\/wp\/v2\/product\/3444562","targetHints":{"allow":["GET"]}}],"collection":[{"href":"https:\/\/stoic-curie.212-227-153-4.plesk.page\/de\/wp-json\/wp\/v2\/product"}],"about":[{"href":"https:\/\/stoic-curie.212-227-153-4.plesk.page\/de\/wp-json\/wp\/v2\/types\/product"}],"replies":[{"embeddable":true,"href":"https:\/\/stoic-curie.212-227-153-4.plesk.page\/de\/wp-json\/wp\/v2\/comments?post=3444562"}],"version-history":[{"count":0,"href":"https:\/\/stoic-curie.212-227-153-4.plesk.page\/de\/wp-json\/wp\/v2\/product\/3444562\/revisions"}],"wp:featuredmedia":[{"embeddable":true,"href":"https:\/\/stoic-curie.212-227-153-4.plesk.page\/de\/wp-json\/wp\/v2\/media\/5940705"}],"wp:attachment":[{"href":"https:\/\/stoic-curie.212-227-153-4.plesk.page\/de\/wp-json\/wp\/v2\/media?parent=3444562"}],"wp:term":[{"taxonomy":"product_brand","embeddable":true,"href":"https:\/\/stoic-curie.212-227-153-4.plesk.page\/de\/wp-json\/wp\/v2\/product_brand?post=3444562"},{"taxonomy":"product_cat","embeddable":true,"href":"https:\/\/stoic-curie.212-227-153-4.plesk.page\/de\/wp-json\/wp\/v2\/product_cat?post=3444562"},{"taxonomy":"product_tag","embeddable":true,"href":"https:\/\/stoic-curie.212-227-153-4.plesk.page\/de\/wp-json\/wp\/v2\/product_tag?post=3444562"}],"curies":[{"name":"wp","href":"https:\/\/api.w.org\/{rel}","templated":true}]}}