{"id":3444606,"date":"2025-10-09T23:06:00","date_gmt":"2025-10-10T03:06:00","guid":{"rendered":"https:\/\/stoic-curie.212-227-153-4.plesk.page\/product\/motorlack-tk-metal-blau-fuer-selva\/"},"modified":"2026-02-24T23:35:23","modified_gmt":"2026-02-24T23:35:23","slug":"motorlack-tk-metal-blau-fuer-selva","status":"publish","type":"product","link":"https:\/\/stoic-curie.212-227-153-4.plesk.page\/de\/product\/motorlack-tk-metal-blau-fuer-selva\/","title":{"rendered":"Motorlack TK Metal Blau f\u00fcr Selva"},"content":{"rendered":"<p>Motorlack TK Metal Blau f\u00fcr Selva &#8211; <\/p>\n<p>Schnelltrocknende Spr\u00fchfarben, die von den Herstellern der Motoren f\u00fcr das Retuschieren und Malen von marinen Motoren genehmigt sind. 400 ml Spraydosen.<\/p>\n","protected":false},"excerpt":{"rendered":"<p>Motorlack TK Metal Blau f\u00fcr Selva &#8211; Schnelltrocknende Spr\u00fchfarben, die von den Herstellern der Motoren f\u00fcr das Retuschieren und Malen<\/p>\n","protected":false},"featured_media":5940705,"comment_status":"closed","ping_status":"closed","template":"","meta":[],"product_brand":[3400],"product_cat":[1531,1347],"product_tag":[],"class_list":{"0":"post-3444606","1":"product","2":"type-product","3":"status-publish","4":"has-post-thumbnail","6":"product_brand-silpar-tk-de","7":"product_cat-marine-ersatzteile-fuer-selva","8":"product_cat-marine-lack","10":"first","11":"outofstock","12":"shipping-taxable","13":"purchasable","14":"product-type-simple"},"_links":{"self":[{"href":"https:\/\/stoic-curie.212-227-153-4.plesk.page\/de\/wp-json\/wp\/v2\/product\/3444606","targetHints":{"allow":["GET"]}}],"collection":[{"href":"https:\/\/stoic-curie.212-227-153-4.plesk.page\/de\/wp-json\/wp\/v2\/product"}],"about":[{"href":"https:\/\/stoic-curie.212-227-153-4.plesk.page\/de\/wp-json\/wp\/v2\/types\/product"}],"replies":[{"embeddable":true,"href":"https:\/\/stoic-curie.212-227-153-4.plesk.page\/de\/wp-json\/wp\/v2\/comments?post=3444606"}],"version-history":[{"count":0,"href":"https:\/\/stoic-curie.212-227-153-4.plesk.page\/de\/wp-json\/wp\/v2\/product\/3444606\/revisions"}],"wp:featuredmedia":[{"embeddable":true,"href":"https:\/\/stoic-curie.212-227-153-4.plesk.page\/de\/wp-json\/wp\/v2\/media\/5940705"}],"wp:attachment":[{"href":"https:\/\/stoic-curie.212-227-153-4.plesk.page\/de\/wp-json\/wp\/v2\/media?parent=3444606"}],"wp:term":[{"taxonomy":"product_brand","embeddable":true,"href":"https:\/\/stoic-curie.212-227-153-4.plesk.page\/de\/wp-json\/wp\/v2\/product_brand?post=3444606"},{"taxonomy":"product_cat","embeddable":true,"href":"https:\/\/stoic-curie.212-227-153-4.plesk.page\/de\/wp-json\/wp\/v2\/product_cat?post=3444606"},{"taxonomy":"product_tag","embeddable":true,"href":"https:\/\/stoic-curie.212-227-153-4.plesk.page\/de\/wp-json\/wp\/v2\/product_tag?post=3444606"}],"curies":[{"name":"wp","href":"https:\/\/api.w.org\/{rel}","templated":true}]}}