{"id":3444684,"date":"2025-10-09T23:06:02","date_gmt":"2025-10-10T03:06:02","guid":{"rendered":"https:\/\/stoic-curie.212-227-153-4.plesk.page\/product\/motorlack-tk-grau-aquamatic-89-fuer-volvo-penta\/"},"modified":"2026-02-24T23:35:23","modified_gmt":"2026-02-24T23:35:23","slug":"motorlack-tk-grau-aquamatic-89-fuer-volvo-penta","status":"publish","type":"product","link":"https:\/\/stoic-curie.212-227-153-4.plesk.page\/de\/product\/motorlack-tk-grau-aquamatic-89-fuer-volvo-penta\/","title":{"rendered":"Motorlack TK Grau Aquamatic 89 f\u00fcr Volvo Penta"},"content":{"rendered":"<p>Motorlack TK Grau Aquamatic 89 f\u00fcr Volvo Penta &#8211; <\/p>\n<p>Schnelltrocknende Spr\u00fchlacke, die von den Motorherstellern f\u00fcr die Ausbesserung und Lackierung von Bootsmotoren genehmigt sind. 400 ml Spr\u00fchdosen.<\/p>\n","protected":false},"excerpt":{"rendered":"<p>Motorlack TK Grau Aquamatic 89 f\u00fcr Volvo Penta &#8211; Schnelltrocknende Spr\u00fchlacke, die von den Motorherstellern f\u00fcr die Ausbesserung und Lackierung<\/p>\n","protected":false},"featured_media":5940705,"comment_status":"closed","ping_status":"closed","template":"","meta":[],"product_brand":[3400],"product_cat":[1542,1347],"product_tag":[],"class_list":{"0":"post-3444684","1":"product","2":"type-product","3":"status-publish","4":"has-post-thumbnail","6":"product_brand-silpar-tk-de","7":"product_cat-marine-ersatzteile-fuer-volvo-penta","8":"product_cat-marine-lack","10":"first","11":"instock","12":"shipping-taxable","13":"purchasable","14":"product-type-simple"},"_links":{"self":[{"href":"https:\/\/stoic-curie.212-227-153-4.plesk.page\/de\/wp-json\/wp\/v2\/product\/3444684","targetHints":{"allow":["GET"]}}],"collection":[{"href":"https:\/\/stoic-curie.212-227-153-4.plesk.page\/de\/wp-json\/wp\/v2\/product"}],"about":[{"href":"https:\/\/stoic-curie.212-227-153-4.plesk.page\/de\/wp-json\/wp\/v2\/types\/product"}],"replies":[{"embeddable":true,"href":"https:\/\/stoic-curie.212-227-153-4.plesk.page\/de\/wp-json\/wp\/v2\/comments?post=3444684"}],"version-history":[{"count":0,"href":"https:\/\/stoic-curie.212-227-153-4.plesk.page\/de\/wp-json\/wp\/v2\/product\/3444684\/revisions"}],"wp:featuredmedia":[{"embeddable":true,"href":"https:\/\/stoic-curie.212-227-153-4.plesk.page\/de\/wp-json\/wp\/v2\/media\/5940705"}],"wp:attachment":[{"href":"https:\/\/stoic-curie.212-227-153-4.plesk.page\/de\/wp-json\/wp\/v2\/media?parent=3444684"}],"wp:term":[{"taxonomy":"product_brand","embeddable":true,"href":"https:\/\/stoic-curie.212-227-153-4.plesk.page\/de\/wp-json\/wp\/v2\/product_brand?post=3444684"},{"taxonomy":"product_cat","embeddable":true,"href":"https:\/\/stoic-curie.212-227-153-4.plesk.page\/de\/wp-json\/wp\/v2\/product_cat?post=3444684"},{"taxonomy":"product_tag","embeddable":true,"href":"https:\/\/stoic-curie.212-227-153-4.plesk.page\/de\/wp-json\/wp\/v2\/product_tag?post=3444684"}],"curies":[{"name":"wp","href":"https:\/\/api.w.org\/{rel}","templated":true}]}}