{"id":3444739,"date":"2025-10-09T23:06:05","date_gmt":"2025-10-10T03:06:05","guid":{"rendered":"https:\/\/stoic-curie.212-227-153-4.plesk.page\/product\/em-forte-marine-reiniger-packung-750-ml-spruehflasche\/"},"modified":"2026-02-24T23:35:23","modified_gmt":"2026-02-24T23:35:23","slug":"em-forte-marine-reiniger-packung-750-ml-spruehflasche","status":"publish","type":"product","link":"https:\/\/stoic-curie.212-227-153-4.plesk.page\/de\/product\/em-forte-marine-reiniger-packung-750-ml-spruehflasche\/","title":{"rendered":"Em forte Marine Reiniger Packung 750 ml Spr\u00fchflasche"},"content":{"rendered":"<p>Em forte Marine Reiniger Packung 750 ml Spr\u00fchflasche &#8211; <\/p>\n<p>Leistungsstarker Reiniger f\u00fcr Fiberglas, Aluminium und lackierte Oberfl\u00e4chen, Kotfl\u00fcgel und Sitze. Einfach auftragen, 3 Minuten einwirken lassen, dann abreiben und mit Wasser absp\u00fclen.<\/p>\n","protected":false},"excerpt":{"rendered":"<p>Em forte Marine Reiniger Packung 750 ml Spr\u00fchflasche &#8211; Leistungsstarker Reiniger f\u00fcr Fiberglas, Aluminium und lackierte Oberfl\u00e4chen, Kotfl\u00fcgel und Sitze.<\/p>\n","protected":false},"featured_media":5948652,"comment_status":"closed","ping_status":"closed","template":"","meta":[],"product_brand":[3235],"product_cat":[1341],"product_tag":[],"class_list":{"0":"post-3444739","1":"product","2":"type-product","3":"status-publish","4":"has-post-thumbnail","6":"product_brand-osculati-de","7":"product_cat-produkte-zur-reinigung","9":"first","10":"instock","11":"shipping-taxable","12":"purchasable","13":"product-type-simple"},"_links":{"self":[{"href":"https:\/\/stoic-curie.212-227-153-4.plesk.page\/de\/wp-json\/wp\/v2\/product\/3444739","targetHints":{"allow":["GET"]}}],"collection":[{"href":"https:\/\/stoic-curie.212-227-153-4.plesk.page\/de\/wp-json\/wp\/v2\/product"}],"about":[{"href":"https:\/\/stoic-curie.212-227-153-4.plesk.page\/de\/wp-json\/wp\/v2\/types\/product"}],"replies":[{"embeddable":true,"href":"https:\/\/stoic-curie.212-227-153-4.plesk.page\/de\/wp-json\/wp\/v2\/comments?post=3444739"}],"version-history":[{"count":0,"href":"https:\/\/stoic-curie.212-227-153-4.plesk.page\/de\/wp-json\/wp\/v2\/product\/3444739\/revisions"}],"wp:featuredmedia":[{"embeddable":true,"href":"https:\/\/stoic-curie.212-227-153-4.plesk.page\/de\/wp-json\/wp\/v2\/media\/5948652"}],"wp:attachment":[{"href":"https:\/\/stoic-curie.212-227-153-4.plesk.page\/de\/wp-json\/wp\/v2\/media?parent=3444739"}],"wp:term":[{"taxonomy":"product_brand","embeddable":true,"href":"https:\/\/stoic-curie.212-227-153-4.plesk.page\/de\/wp-json\/wp\/v2\/product_brand?post=3444739"},{"taxonomy":"product_cat","embeddable":true,"href":"https:\/\/stoic-curie.212-227-153-4.plesk.page\/de\/wp-json\/wp\/v2\/product_cat?post=3444739"},{"taxonomy":"product_tag","embeddable":true,"href":"https:\/\/stoic-curie.212-227-153-4.plesk.page\/de\/wp-json\/wp\/v2\/product_tag?post=3444739"}],"curies":[{"name":"wp","href":"https:\/\/api.w.org\/{rel}","templated":true}]}}