{"id":3444765,"date":"2025-10-09T23:06:06","date_gmt":"2025-10-10T03:06:06","guid":{"rendered":"https:\/\/stoic-curie.212-227-153-4.plesk.page\/product\/nave-eco-em-bilgen-allzweckreiniger-packung-750-ml-spruehflasche\/"},"modified":"2026-02-24T23:35:23","modified_gmt":"2026-02-24T23:35:23","slug":"nave-eco-em-bilgen-allzweckreiniger-packung-750-ml-spruehflasche","status":"publish","type":"product","link":"https:\/\/stoic-curie.212-227-153-4.plesk.page\/de\/product\/nave-eco-em-bilgen-allzweckreiniger-packung-750-ml-spruehflasche\/","title":{"rendered":"Nave Eco EM Bilgen-Allzweckreiniger Packung 750 ml Spr\u00fchflasche"},"content":{"rendered":"<p>Nave Eco EM Bilgen-Allzweckreiniger Packung 750 ml Spr\u00fchflasche &#8211; <\/p>\n<p>Biologisch abbaubarer, nicht brennbarer Entfetter und Reiniger, ideal zum Reinigen und Entfetten von Bilgen, Motoren und R\u00fcmpfen. Entfernt Schmutz, \u00d6l, Diesel und Fette. Kann unverd\u00fcnnt oder verd\u00fcnnt je nach Verschmutzungsgrad verwendet werden.<\/p>\n","protected":false},"excerpt":{"rendered":"<p>Nave Eco EM Bilgen-Allzweckreiniger Packung 750 ml Spr\u00fchflasche &#8211; Biologisch abbaubarer, nicht brennbarer Entfetter und Reiniger, ideal zum Reinigen und<\/p>\n","protected":false},"featured_media":5948659,"comment_status":"closed","ping_status":"closed","template":"","meta":[],"product_brand":[3235],"product_cat":[1341],"product_tag":[],"class_list":{"0":"post-3444765","1":"product","2":"type-product","3":"status-publish","4":"has-post-thumbnail","6":"product_brand-osculati-de","7":"product_cat-produkte-zur-reinigung","9":"first","10":"instock","11":"shipping-taxable","12":"purchasable","13":"product-type-simple"},"_links":{"self":[{"href":"https:\/\/stoic-curie.212-227-153-4.plesk.page\/de\/wp-json\/wp\/v2\/product\/3444765","targetHints":{"allow":["GET"]}}],"collection":[{"href":"https:\/\/stoic-curie.212-227-153-4.plesk.page\/de\/wp-json\/wp\/v2\/product"}],"about":[{"href":"https:\/\/stoic-curie.212-227-153-4.plesk.page\/de\/wp-json\/wp\/v2\/types\/product"}],"replies":[{"embeddable":true,"href":"https:\/\/stoic-curie.212-227-153-4.plesk.page\/de\/wp-json\/wp\/v2\/comments?post=3444765"}],"version-history":[{"count":0,"href":"https:\/\/stoic-curie.212-227-153-4.plesk.page\/de\/wp-json\/wp\/v2\/product\/3444765\/revisions"}],"wp:featuredmedia":[{"embeddable":true,"href":"https:\/\/stoic-curie.212-227-153-4.plesk.page\/de\/wp-json\/wp\/v2\/media\/5948659"}],"wp:attachment":[{"href":"https:\/\/stoic-curie.212-227-153-4.plesk.page\/de\/wp-json\/wp\/v2\/media?parent=3444765"}],"wp:term":[{"taxonomy":"product_brand","embeddable":true,"href":"https:\/\/stoic-curie.212-227-153-4.plesk.page\/de\/wp-json\/wp\/v2\/product_brand?post=3444765"},{"taxonomy":"product_cat","embeddable":true,"href":"https:\/\/stoic-curie.212-227-153-4.plesk.page\/de\/wp-json\/wp\/v2\/product_cat?post=3444765"},{"taxonomy":"product_tag","embeddable":true,"href":"https:\/\/stoic-curie.212-227-153-4.plesk.page\/de\/wp-json\/wp\/v2\/product_tag?post=3444765"}],"curies":[{"name":"wp","href":"https:\/\/api.w.org\/{rel}","templated":true}]}}