{"id":3444791,"date":"2025-10-09T23:06:07","date_gmt":"2025-10-10T03:06:07","guid":{"rendered":"https:\/\/stoic-curie.212-227-153-4.plesk.page\/product\/reggae-mikrofaser-handschuh\/"},"modified":"2026-02-24T23:35:23","modified_gmt":"2026-02-24T23:35:23","slug":"reggae-mikrofaser-handschuh","status":"publish","type":"product","link":"https:\/\/stoic-curie.212-227-153-4.plesk.page\/de\/product\/reggae-mikrofaser-handschuh\/","title":{"rendered":"Reggae Mikrofaser-Handschuh"},"content":{"rendered":"<p>Reggae Mikrofaser-Handschuh &#8211; <\/p>\n<p>Zweiseitiger Star Brite Mikrofaserhandschuh, ideal zum Reinigen von Gelcoat- und lackierten Oberfl\u00e4chen. Der Mikrofaserteil ist sehr saugf\u00e4hig und weich und verhindert das Verkratzen empfindlicher Oberfl\u00e4chen. Der raue Teil entfernt hartn\u00e4ckigen Schmutz und Algen von der H\u00fclle. Maschinenwaschbar, kann auch zum Staubwischen verwendet werden.<\/p>\n","protected":false},"excerpt":{"rendered":"<p>Reggae Mikrofaser-Handschuh &#8211; Zweiseitiger Star Brite Mikrofaserhandschuh, ideal zum Reinigen von Gelcoat- und lackierten Oberfl\u00e4chen. Der Mikrofaserteil ist sehr saugf\u00e4hig<\/p>\n","protected":false},"featured_media":5948665,"comment_status":"closed","ping_status":"closed","template":"","meta":[],"product_brand":[3435],"product_cat":[1346,1344],"product_tag":[],"class_list":{"0":"post-3444791","1":"product","2":"type-product","3":"status-publish","4":"has-post-thumbnail","6":"product_brand-starbrite-de","7":"product_cat-reinigungsbuersten","8":"product_cat-werkzeuge-fuer-die-reinigung","10":"first","11":"instock","12":"shipping-taxable","13":"purchasable","14":"product-type-simple"},"_links":{"self":[{"href":"https:\/\/stoic-curie.212-227-153-4.plesk.page\/de\/wp-json\/wp\/v2\/product\/3444791","targetHints":{"allow":["GET"]}}],"collection":[{"href":"https:\/\/stoic-curie.212-227-153-4.plesk.page\/de\/wp-json\/wp\/v2\/product"}],"about":[{"href":"https:\/\/stoic-curie.212-227-153-4.plesk.page\/de\/wp-json\/wp\/v2\/types\/product"}],"replies":[{"embeddable":true,"href":"https:\/\/stoic-curie.212-227-153-4.plesk.page\/de\/wp-json\/wp\/v2\/comments?post=3444791"}],"version-history":[{"count":0,"href":"https:\/\/stoic-curie.212-227-153-4.plesk.page\/de\/wp-json\/wp\/v2\/product\/3444791\/revisions"}],"wp:featuredmedia":[{"embeddable":true,"href":"https:\/\/stoic-curie.212-227-153-4.plesk.page\/de\/wp-json\/wp\/v2\/media\/5948665"}],"wp:attachment":[{"href":"https:\/\/stoic-curie.212-227-153-4.plesk.page\/de\/wp-json\/wp\/v2\/media?parent=3444791"}],"wp:term":[{"taxonomy":"product_brand","embeddable":true,"href":"https:\/\/stoic-curie.212-227-153-4.plesk.page\/de\/wp-json\/wp\/v2\/product_brand?post=3444791"},{"taxonomy":"product_cat","embeddable":true,"href":"https:\/\/stoic-curie.212-227-153-4.plesk.page\/de\/wp-json\/wp\/v2\/product_cat?post=3444791"},{"taxonomy":"product_tag","embeddable":true,"href":"https:\/\/stoic-curie.212-227-153-4.plesk.page\/de\/wp-json\/wp\/v2\/product_tag?post=3444791"}],"curies":[{"name":"wp","href":"https:\/\/api.w.org\/{rel}","templated":true}]}}