{"id":3444815,"date":"2025-10-09T23:06:07","date_gmt":"2025-10-10T03:06:07","guid":{"rendered":"https:\/\/stoic-curie.212-227-153-4.plesk.page\/product\/teleskopgriff-yacht-line-100-180-cm\/"},"modified":"2026-02-24T23:35:23","modified_gmt":"2026-02-24T23:35:23","slug":"teleskopgriff-yacht-line-100-180-cm","status":"publish","type":"product","link":"https:\/\/stoic-curie.212-227-153-4.plesk.page\/de\/product\/teleskopgriff-yacht-line-100-180-cm\/","title":{"rendered":"Teleskopgriff Yacht Line, 100-180 cm"},"content":{"rendered":"<p>Teleskopgriff Yacht Line, 100-180 cm &#8211; <\/p>\n<p>\u00dcberzogene Buchenholz-Waschb\u00fcrsten mit schockabsorbierendem Gummi rand, zu vervollst\u00e4ndigen mit einem Griff. Gelbe B\u00fcrste &#8211; weiche Borsten: perfekt f\u00fcr das Waschen von Fenstern und Seiten. Blaue B\u00fcrste &#8211; mittlere Borsten: ideal f\u00fcr die allgemeine Reinigung. Wei\u00dfe B\u00fcrste &#8211; harte Borsten: perfekt f\u00fcr das Waschen von Terrassen, rauen und besonders schmutzigen Oberfl\u00e4chen.<\/p>\n","protected":false},"excerpt":{"rendered":"<p>Teleskopgriff Yacht Line, 100-180 cm &#8211; \u00dcberzogene Buchenholz-Waschb\u00fcrsten mit schockabsorbierendem Gummi rand, zu vervollst\u00e4ndigen mit einem Griff. Gelbe B\u00fcrste &#8211;<\/p>\n","protected":false},"featured_media":5948668,"comment_status":"closed","ping_status":"closed","template":"","meta":[],"product_brand":[3235],"product_cat":[1346],"product_tag":[],"class_list":{"0":"post-3444815","1":"product","2":"type-product","3":"status-publish","4":"has-post-thumbnail","6":"product_brand-osculati-de","7":"product_cat-reinigungsbuersten","9":"first","10":"instock","11":"shipping-taxable","12":"purchasable","13":"product-type-simple"},"_links":{"self":[{"href":"https:\/\/stoic-curie.212-227-153-4.plesk.page\/de\/wp-json\/wp\/v2\/product\/3444815","targetHints":{"allow":["GET"]}}],"collection":[{"href":"https:\/\/stoic-curie.212-227-153-4.plesk.page\/de\/wp-json\/wp\/v2\/product"}],"about":[{"href":"https:\/\/stoic-curie.212-227-153-4.plesk.page\/de\/wp-json\/wp\/v2\/types\/product"}],"replies":[{"embeddable":true,"href":"https:\/\/stoic-curie.212-227-153-4.plesk.page\/de\/wp-json\/wp\/v2\/comments?post=3444815"}],"version-history":[{"count":0,"href":"https:\/\/stoic-curie.212-227-153-4.plesk.page\/de\/wp-json\/wp\/v2\/product\/3444815\/revisions"}],"wp:featuredmedia":[{"embeddable":true,"href":"https:\/\/stoic-curie.212-227-153-4.plesk.page\/de\/wp-json\/wp\/v2\/media\/5948668"}],"wp:attachment":[{"href":"https:\/\/stoic-curie.212-227-153-4.plesk.page\/de\/wp-json\/wp\/v2\/media?parent=3444815"}],"wp:term":[{"taxonomy":"product_brand","embeddable":true,"href":"https:\/\/stoic-curie.212-227-153-4.plesk.page\/de\/wp-json\/wp\/v2\/product_brand?post=3444815"},{"taxonomy":"product_cat","embeddable":true,"href":"https:\/\/stoic-curie.212-227-153-4.plesk.page\/de\/wp-json\/wp\/v2\/product_cat?post=3444815"},{"taxonomy":"product_tag","embeddable":true,"href":"https:\/\/stoic-curie.212-227-153-4.plesk.page\/de\/wp-json\/wp\/v2\/product_tag?post=3444815"}],"curies":[{"name":"wp","href":"https:\/\/api.w.org\/{rel}","templated":true}]}}