{"id":3444851,"date":"2025-10-09T23:06:09","date_gmt":"2025-10-10T03:06:09","guid":{"rendered":"https:\/\/stoic-curie.212-227-153-4.plesk.page\/product\/60-runde-loetbasis-o-25-mm\/"},"modified":"2026-02-24T23:35:23","modified_gmt":"2026-02-24T23:35:23","slug":"60-runde-loetbasis-o-25-mm","status":"publish","type":"product","link":"https:\/\/stoic-curie.212-227-153-4.plesk.page\/de\/product\/60-runde-loetbasis-o-25-mm\/","title":{"rendered":"60\u00b0 runde L\u00f6tbasis \u00f8 25 mm"},"content":{"rendered":"<p>60\u00b0 runde L\u00f6tbasis \u00f8 25 mm &#8211; <\/p>\n<p>Geformte Edelstahl 60\u00c2\u00b0 runde L\u00f6tbasis.<\/p>\n","protected":false},"excerpt":{"rendered":"<p>60\u00b0 runde L\u00f6tbasis \u00f8 25 mm &#8211; Geformte Edelstahl 60\u00c2\u00b0 runde L\u00f6tbasis.<\/p>\n","protected":false},"featured_media":5948684,"comment_status":"closed","ping_status":"closed","template":"","meta":[],"product_brand":[3120],"product_cat":[1413,1420],"product_tag":[],"class_list":{"0":"post-3444851","1":"product","2":"type-product","3":"status-publish","4":"has-post-thumbnail","6":"product_brand-marinetech-de","7":"product_cat-handlauf-beschlaege","8":"product_cat-handlaeufe","10":"first","11":"instock","12":"shipping-taxable","13":"purchasable","14":"product-type-simple"},"_links":{"self":[{"href":"https:\/\/stoic-curie.212-227-153-4.plesk.page\/de\/wp-json\/wp\/v2\/product\/3444851","targetHints":{"allow":["GET"]}}],"collection":[{"href":"https:\/\/stoic-curie.212-227-153-4.plesk.page\/de\/wp-json\/wp\/v2\/product"}],"about":[{"href":"https:\/\/stoic-curie.212-227-153-4.plesk.page\/de\/wp-json\/wp\/v2\/types\/product"}],"replies":[{"embeddable":true,"href":"https:\/\/stoic-curie.212-227-153-4.plesk.page\/de\/wp-json\/wp\/v2\/comments?post=3444851"}],"version-history":[{"count":0,"href":"https:\/\/stoic-curie.212-227-153-4.plesk.page\/de\/wp-json\/wp\/v2\/product\/3444851\/revisions"}],"wp:featuredmedia":[{"embeddable":true,"href":"https:\/\/stoic-curie.212-227-153-4.plesk.page\/de\/wp-json\/wp\/v2\/media\/5948684"}],"wp:attachment":[{"href":"https:\/\/stoic-curie.212-227-153-4.plesk.page\/de\/wp-json\/wp\/v2\/media?parent=3444851"}],"wp:term":[{"taxonomy":"product_brand","embeddable":true,"href":"https:\/\/stoic-curie.212-227-153-4.plesk.page\/de\/wp-json\/wp\/v2\/product_brand?post=3444851"},{"taxonomy":"product_cat","embeddable":true,"href":"https:\/\/stoic-curie.212-227-153-4.plesk.page\/de\/wp-json\/wp\/v2\/product_cat?post=3444851"},{"taxonomy":"product_tag","embeddable":true,"href":"https:\/\/stoic-curie.212-227-153-4.plesk.page\/de\/wp-json\/wp\/v2\/product_tag?post=3444851"}],"curies":[{"name":"wp","href":"https:\/\/api.w.org\/{rel}","templated":true}]}}