{"id":3444955,"date":"2025-10-09T23:06:12","date_gmt":"2025-10-10T03:06:12","guid":{"rendered":"https:\/\/stoic-curie.212-227-153-4.plesk.page\/product\/quick-osp-gummifussschalterabdeckung-rot\/"},"modified":"2026-02-24T23:35:23","modified_gmt":"2026-02-24T23:35:23","slug":"quick-osp-gummifussschalterabdeckung-rot","status":"publish","type":"product","link":"https:\/\/stoic-curie.212-227-153-4.plesk.page\/de\/product\/quick-osp-gummifussschalterabdeckung-rot\/","title":{"rendered":"Quick OSP Gummifu\u00dfschalterabdeckung Rot"},"content":{"rendered":"<p>Quick OSP Gummifu\u00dfschalterabdeckung Rot &#8211; Eine echte Ersatz-Abdeckung aus rotem Gummi f\u00fcr die Quick Mod. 900 Fu\u00dfschalter. Dies ist ein originales Ersatzteil.<\/p>\n<table class=\"table\">\n<tbody>\n<tr>\n<td><strong>Anwendung<\/strong><\/td>\n<td>Quick Mod. 900 Fu\u00dfschalter<\/td>\n<\/tr>\n<tr>\n<td><strong>Typ<\/strong><\/td>\n<td>Fu\u00dfschalter<\/td>\n<\/tr>\n<tr>\n<td><strong>Marke<\/strong><\/td>\n<td>Quick<\/td>\n<\/tr>\n<\/tbody>\n<\/table>\n","protected":false},"excerpt":{"rendered":"<p>Quick OSP Gummifu\u00dfschalterabdeckung Rot &#8211; Eine echte Ersatz-Abdeckung aus rotem Gummi f\u00fcr die Quick Mod. 900 Fu\u00dfschalter. Dies ist ein<\/p>\n","protected":false},"featured_media":5948694,"comment_status":"closed","ping_status":"closed","template":"","meta":[],"product_brand":[3280],"product_cat":[1324],"product_tag":[],"class_list":{"0":"post-3444955","1":"product","2":"type-product","3":"status-publish","4":"has-post-thumbnail","6":"product_brand-quick-de","7":"product_cat-ankerwinden-quick","9":"first","10":"instock","11":"shipping-taxable","12":"purchasable","13":"product-type-simple"},"_links":{"self":[{"href":"https:\/\/stoic-curie.212-227-153-4.plesk.page\/de\/wp-json\/wp\/v2\/product\/3444955","targetHints":{"allow":["GET"]}}],"collection":[{"href":"https:\/\/stoic-curie.212-227-153-4.plesk.page\/de\/wp-json\/wp\/v2\/product"}],"about":[{"href":"https:\/\/stoic-curie.212-227-153-4.plesk.page\/de\/wp-json\/wp\/v2\/types\/product"}],"replies":[{"embeddable":true,"href":"https:\/\/stoic-curie.212-227-153-4.plesk.page\/de\/wp-json\/wp\/v2\/comments?post=3444955"}],"version-history":[{"count":0,"href":"https:\/\/stoic-curie.212-227-153-4.plesk.page\/de\/wp-json\/wp\/v2\/product\/3444955\/revisions"}],"wp:featuredmedia":[{"embeddable":true,"href":"https:\/\/stoic-curie.212-227-153-4.plesk.page\/de\/wp-json\/wp\/v2\/media\/5948694"}],"wp:attachment":[{"href":"https:\/\/stoic-curie.212-227-153-4.plesk.page\/de\/wp-json\/wp\/v2\/media?parent=3444955"}],"wp:term":[{"taxonomy":"product_brand","embeddable":true,"href":"https:\/\/stoic-curie.212-227-153-4.plesk.page\/de\/wp-json\/wp\/v2\/product_brand?post=3444955"},{"taxonomy":"product_cat","embeddable":true,"href":"https:\/\/stoic-curie.212-227-153-4.plesk.page\/de\/wp-json\/wp\/v2\/product_cat?post=3444955"},{"taxonomy":"product_tag","embeddable":true,"href":"https:\/\/stoic-curie.212-227-153-4.plesk.page\/de\/wp-json\/wp\/v2\/product_tag?post=3444955"}],"curies":[{"name":"wp","href":"https:\/\/api.w.org\/{rel}","templated":true}]}}