{"id":3445018,"date":"2025-10-09T23:06:15","date_gmt":"2025-10-10T03:06:15","guid":{"rendered":"https:\/\/stoic-curie.212-227-153-4.plesk.page\/product\/wasserschlauch-refittex-123mm-blau\/"},"modified":"2026-02-24T23:35:23","modified_gmt":"2026-02-24T23:35:23","slug":"wasserschlauch-refittex-123mm-blau","status":"publish","type":"product","link":"https:\/\/stoic-curie.212-227-153-4.plesk.page\/de\/product\/wasserschlauch-refittex-123mm-blau\/","title":{"rendered":"Wasserschlauch Refittex 12,3mm Blau"},"content":{"rendered":"<p>Wasserschlauch Refittex 12,3mm Blau &#8211; <\/p>\n<p>Ungiftiger PVC-Schlauch mit Polyestergewebeverst\u00e4rkung f\u00fcr Wasseranwendungen an Bord und f\u00fcr Lebensmittel. Flexibel und widerstandsf\u00e4hig, kann er nach Bedarf f\u00fcr kaltes und hei\u00dfes Wasser (bis zu 60 \u00b0C) zugeschnitten und montiert werden, ohne sich zu verformen oder zu verengen. Entspricht der europ\u00e4ischen Richtlinie Reg.(EU)10\/2011 f\u00fcr A-B-C-Simulanzien.<\/p>\n","protected":false},"excerpt":{"rendered":"<p>Wasserschlauch Refittex 12,3mm Blau &#8211; Ungiftiger PVC-Schlauch mit Polyestergewebeverst\u00e4rkung f\u00fcr Wasseranwendungen an Bord und f\u00fcr Lebensmittel. Flexibel und widerstandsf\u00e4hig, kann<\/p>\n","protected":false},"featured_media":5948702,"comment_status":"closed","ping_status":"closed","template":"","meta":[],"product_brand":[3355],"product_cat":[1368],"product_tag":[],"class_list":{"0":"post-3445018","1":"product","2":"type-product","3":"status-publish","4":"has-post-thumbnail","6":"product_brand-seaflow-de","7":"product_cat-wasserschlauch","9":"first","10":"instock","11":"shipping-taxable","12":"purchasable","13":"product-type-simple"},"_links":{"self":[{"href":"https:\/\/stoic-curie.212-227-153-4.plesk.page\/de\/wp-json\/wp\/v2\/product\/3445018","targetHints":{"allow":["GET"]}}],"collection":[{"href":"https:\/\/stoic-curie.212-227-153-4.plesk.page\/de\/wp-json\/wp\/v2\/product"}],"about":[{"href":"https:\/\/stoic-curie.212-227-153-4.plesk.page\/de\/wp-json\/wp\/v2\/types\/product"}],"replies":[{"embeddable":true,"href":"https:\/\/stoic-curie.212-227-153-4.plesk.page\/de\/wp-json\/wp\/v2\/comments?post=3445018"}],"version-history":[{"count":0,"href":"https:\/\/stoic-curie.212-227-153-4.plesk.page\/de\/wp-json\/wp\/v2\/product\/3445018\/revisions"}],"wp:featuredmedia":[{"embeddable":true,"href":"https:\/\/stoic-curie.212-227-153-4.plesk.page\/de\/wp-json\/wp\/v2\/media\/5948702"}],"wp:attachment":[{"href":"https:\/\/stoic-curie.212-227-153-4.plesk.page\/de\/wp-json\/wp\/v2\/media?parent=3445018"}],"wp:term":[{"taxonomy":"product_brand","embeddable":true,"href":"https:\/\/stoic-curie.212-227-153-4.plesk.page\/de\/wp-json\/wp\/v2\/product_brand?post=3445018"},{"taxonomy":"product_cat","embeddable":true,"href":"https:\/\/stoic-curie.212-227-153-4.plesk.page\/de\/wp-json\/wp\/v2\/product_cat?post=3445018"},{"taxonomy":"product_tag","embeddable":true,"href":"https:\/\/stoic-curie.212-227-153-4.plesk.page\/de\/wp-json\/wp\/v2\/product_tag?post=3445018"}],"curies":[{"name":"wp","href":"https:\/\/api.w.org\/{rel}","templated":true}]}}