{"id":3445069,"date":"2025-10-09T23:06:17","date_gmt":"2025-10-10T03:06:17","guid":{"rendered":"https:\/\/stoic-curie.212-227-153-4.plesk.page\/product\/wasserschlauch-refittex-25-x-33mm\/"},"modified":"2026-02-24T23:35:23","modified_gmt":"2026-02-24T23:35:23","slug":"wasserschlauch-refittex-25-x-33mm","status":"publish","type":"product","link":"https:\/\/stoic-curie.212-227-153-4.plesk.page\/de\/product\/wasserschlauch-refittex-25-x-33mm\/","title":{"rendered":"Wasserschlauch Refittex 25 x 33mm"},"content":{"rendered":"<p>Wasserschlauch Refittex 25 x 33mm &#8211; <\/p>\n<p>Transparenter, ungiftiger, geflochtener PVC-Schlauch, der resistent gegen Meerwasser und die meisten chemischen Produkte ist. Sehr flexibel und widerstandsf\u00e4hig, verformt er sich nicht und wird nicht schmaler. Er ist geeignet f\u00fcr Wasseranlagen an Bord, f\u00fcr Bilgen, Druckluftsysteme sowie f\u00fcr jegliche Aktivit\u00e4ten an Br\u00fccken oder Docks. Er entspricht der europ\u00e4ischen Richtlinie Reg.(EU)10\/2011 f\u00fcr A-B-C-Simulanzien. Der Bruchdruck betr\u00e4gt das Dreifache des in der Tabelle angegebenen Arbeitsdrucks.<\/p>\n","protected":false},"excerpt":{"rendered":"<p>Wasserschlauch Refittex 25 x 33mm &#8211; Transparenter, ungiftiger, geflochtener PVC-Schlauch, der resistent gegen Meerwasser und die meisten chemischen Produkte ist.<\/p>\n","protected":false},"featured_media":5948705,"comment_status":"closed","ping_status":"closed","template":"","meta":[],"product_brand":[3355],"product_cat":[1368],"product_tag":[],"class_list":{"0":"post-3445069","1":"product","2":"type-product","3":"status-publish","4":"has-post-thumbnail","6":"product_brand-seaflow-de","7":"product_cat-wasserschlauch","9":"first","10":"instock","11":"shipping-taxable","12":"purchasable","13":"product-type-simple"},"_links":{"self":[{"href":"https:\/\/stoic-curie.212-227-153-4.plesk.page\/de\/wp-json\/wp\/v2\/product\/3445069","targetHints":{"allow":["GET"]}}],"collection":[{"href":"https:\/\/stoic-curie.212-227-153-4.plesk.page\/de\/wp-json\/wp\/v2\/product"}],"about":[{"href":"https:\/\/stoic-curie.212-227-153-4.plesk.page\/de\/wp-json\/wp\/v2\/types\/product"}],"replies":[{"embeddable":true,"href":"https:\/\/stoic-curie.212-227-153-4.plesk.page\/de\/wp-json\/wp\/v2\/comments?post=3445069"}],"version-history":[{"count":0,"href":"https:\/\/stoic-curie.212-227-153-4.plesk.page\/de\/wp-json\/wp\/v2\/product\/3445069\/revisions"}],"wp:featuredmedia":[{"embeddable":true,"href":"https:\/\/stoic-curie.212-227-153-4.plesk.page\/de\/wp-json\/wp\/v2\/media\/5948705"}],"wp:attachment":[{"href":"https:\/\/stoic-curie.212-227-153-4.plesk.page\/de\/wp-json\/wp\/v2\/media?parent=3445069"}],"wp:term":[{"taxonomy":"product_brand","embeddable":true,"href":"https:\/\/stoic-curie.212-227-153-4.plesk.page\/de\/wp-json\/wp\/v2\/product_brand?post=3445069"},{"taxonomy":"product_cat","embeddable":true,"href":"https:\/\/stoic-curie.212-227-153-4.plesk.page\/de\/wp-json\/wp\/v2\/product_cat?post=3445069"},{"taxonomy":"product_tag","embeddable":true,"href":"https:\/\/stoic-curie.212-227-153-4.plesk.page\/de\/wp-json\/wp\/v2\/product_tag?post=3445069"}],"curies":[{"name":"wp","href":"https:\/\/api.w.org\/{rel}","templated":true}]}}