{"id":3445071,"date":"2025-10-09T23:06:17","date_gmt":"2025-10-10T03:06:17","guid":{"rendered":"https:\/\/stoic-curie.212-227-153-4.plesk.page\/product\/marine-elektrokabel-10-x-075-mm2\/"},"modified":"2026-02-24T23:35:23","modified_gmt":"2026-02-24T23:35:23","slug":"marine-elektrokabel-10-x-075-mm2","status":"publish","type":"product","link":"https:\/\/stoic-curie.212-227-153-4.plesk.page\/de\/product\/marine-elektrokabel-10-x-075-mm2\/","title":{"rendered":"Marine Elektrokabel 10 x 0,75 mm2"},"content":{"rendered":"<p>Marine Elektrokabel 10 x 0,75 mm2 &#8211; <\/p>\n<p>CE-zertifiziertes maritimes Elektrokabel f\u00fcr Bootinstallationen. Perfekt f\u00fcr die Installation von Mehrkontakt-Elektropanels. Die inneren Dr\u00e4hte sind entlang der Isolierung nummeriert. Klasse 5 IEC60228 verzinntes Kupferkabel f\u00fcr maximalen Schutz gegen Korrosion und Elektrolyse. \u00dcberlegene Flexibilit\u00e4t mit sch\u00fctzender Isolierung aus einem speziellen PVC-Material, das flammenhemmend und \u00f6lbest\u00e4ndig ist.<\/p>\n","protected":false},"excerpt":{"rendered":"<p>Marine Elektrokabel 10 x 0,75 mm2 &#8211; CE-zertifiziertes maritimes Elektrokabel f\u00fcr Bootinstallationen. Perfekt f\u00fcr die Installation von Mehrkontakt-Elektropanels. Die inneren<\/p>\n","protected":false},"featured_media":5948707,"comment_status":"closed","ping_status":"closed","template":"","meta":[],"product_brand":[2830],"product_cat":[1468],"product_tag":[],"class_list":{"0":"post-3445071","1":"product","2":"type-product","3":"status-publish","4":"has-post-thumbnail","6":"product_brand-blue-sea-systems-de","7":"product_cat-elektrokabel","9":"first","10":"instock","11":"shipping-taxable","12":"purchasable","13":"product-type-simple"},"_links":{"self":[{"href":"https:\/\/stoic-curie.212-227-153-4.plesk.page\/de\/wp-json\/wp\/v2\/product\/3445071","targetHints":{"allow":["GET"]}}],"collection":[{"href":"https:\/\/stoic-curie.212-227-153-4.plesk.page\/de\/wp-json\/wp\/v2\/product"}],"about":[{"href":"https:\/\/stoic-curie.212-227-153-4.plesk.page\/de\/wp-json\/wp\/v2\/types\/product"}],"replies":[{"embeddable":true,"href":"https:\/\/stoic-curie.212-227-153-4.plesk.page\/de\/wp-json\/wp\/v2\/comments?post=3445071"}],"version-history":[{"count":0,"href":"https:\/\/stoic-curie.212-227-153-4.plesk.page\/de\/wp-json\/wp\/v2\/product\/3445071\/revisions"}],"wp:featuredmedia":[{"embeddable":true,"href":"https:\/\/stoic-curie.212-227-153-4.plesk.page\/de\/wp-json\/wp\/v2\/media\/5948707"}],"wp:attachment":[{"href":"https:\/\/stoic-curie.212-227-153-4.plesk.page\/de\/wp-json\/wp\/v2\/media?parent=3445071"}],"wp:term":[{"taxonomy":"product_brand","embeddable":true,"href":"https:\/\/stoic-curie.212-227-153-4.plesk.page\/de\/wp-json\/wp\/v2\/product_brand?post=3445071"},{"taxonomy":"product_cat","embeddable":true,"href":"https:\/\/stoic-curie.212-227-153-4.plesk.page\/de\/wp-json\/wp\/v2\/product_cat?post=3445071"},{"taxonomy":"product_tag","embeddable":true,"href":"https:\/\/stoic-curie.212-227-153-4.plesk.page\/de\/wp-json\/wp\/v2\/product_tag?post=3445071"}],"curies":[{"name":"wp","href":"https:\/\/api.w.org\/{rel}","templated":true}]}}