{"id":3445183,"date":"2025-10-09T23:06:21","date_gmt":"2025-10-10T03:06:21","guid":{"rendered":"https:\/\/stoic-curie.212-227-153-4.plesk.page\/product\/seilschluesselanhaenger-geflochtenes-seil-mit-schaekel\/"},"modified":"2026-02-24T23:35:23","modified_gmt":"2026-02-24T23:35:23","slug":"seilschluesselanhaenger-geflochtenes-seil-mit-schaekel","status":"publish","type":"product","link":"https:\/\/stoic-curie.212-227-153-4.plesk.page\/de\/product\/seilschluesselanhaenger-geflochtenes-seil-mit-schaekel\/","title":{"rendered":"Seilschl\u00fcsselanh\u00e4nger, geflochtenes Seil mit Sch\u00e4kel"},"content":{"rendered":"<p>Seilschl\u00fcsselanh\u00e4nger, geflochtenes Seil mit Sch\u00e4kel &#8211; <\/p>\n<p>Verbundene Seil-Schl\u00fcsselanh\u00e4nger.<\/p>\n","protected":false},"excerpt":{"rendered":"<p>Seilschl\u00fcsselanh\u00e4nger, geflochtenes Seil mit Sch\u00e4kel &#8211; Verbundene Seil-Schl\u00fcsselanh\u00e4nger.<\/p>\n","protected":false},"featured_media":5936422,"comment_status":"closed","ping_status":"closed","template":"","meta":[],"product_brand":[3235],"product_cat":[1566],"product_tag":[],"class_list":{"0":"post-3445183","1":"product","2":"type-product","3":"status-publish","4":"has-post-thumbnail","6":"product_brand-osculati-de","7":"product_cat-nautische-schluesselanhaenger","9":"first","10":"instock","11":"shipping-taxable","12":"purchasable","13":"product-type-simple"},"_links":{"self":[{"href":"https:\/\/stoic-curie.212-227-153-4.plesk.page\/de\/wp-json\/wp\/v2\/product\/3445183","targetHints":{"allow":["GET"]}}],"collection":[{"href":"https:\/\/stoic-curie.212-227-153-4.plesk.page\/de\/wp-json\/wp\/v2\/product"}],"about":[{"href":"https:\/\/stoic-curie.212-227-153-4.plesk.page\/de\/wp-json\/wp\/v2\/types\/product"}],"replies":[{"embeddable":true,"href":"https:\/\/stoic-curie.212-227-153-4.plesk.page\/de\/wp-json\/wp\/v2\/comments?post=3445183"}],"version-history":[{"count":0,"href":"https:\/\/stoic-curie.212-227-153-4.plesk.page\/de\/wp-json\/wp\/v2\/product\/3445183\/revisions"}],"wp:featuredmedia":[{"embeddable":true,"href":"https:\/\/stoic-curie.212-227-153-4.plesk.page\/de\/wp-json\/wp\/v2\/media\/5936422"}],"wp:attachment":[{"href":"https:\/\/stoic-curie.212-227-153-4.plesk.page\/de\/wp-json\/wp\/v2\/media?parent=3445183"}],"wp:term":[{"taxonomy":"product_brand","embeddable":true,"href":"https:\/\/stoic-curie.212-227-153-4.plesk.page\/de\/wp-json\/wp\/v2\/product_brand?post=3445183"},{"taxonomy":"product_cat","embeddable":true,"href":"https:\/\/stoic-curie.212-227-153-4.plesk.page\/de\/wp-json\/wp\/v2\/product_cat?post=3445183"},{"taxonomy":"product_tag","embeddable":true,"href":"https:\/\/stoic-curie.212-227-153-4.plesk.page\/de\/wp-json\/wp\/v2\/product_tag?post=3445183"}],"curies":[{"name":"wp","href":"https:\/\/api.w.org\/{rel}","templated":true}]}}