{"id":3445335,"date":"2025-10-09T23:06:27","date_gmt":"2025-10-10T03:06:27","guid":{"rendered":"https:\/\/stoic-curie.212-227-153-4.plesk.page\/product\/rotes-batteriekabel-16mm2\/"},"modified":"2026-02-24T23:35:23","modified_gmt":"2026-02-24T23:35:23","slug":"rotes-batteriekabel-16mm2","status":"publish","type":"product","link":"https:\/\/stoic-curie.212-227-153-4.plesk.page\/de\/product\/rotes-batteriekabel-16mm2\/","title":{"rendered":"Rotes Batteriekabel 16mm2"},"content":{"rendered":"<p>Rotes Batteriekabel 16mm2 &#8211; <\/p>\n<p>CE-zertifiziertes Seewasser-taugliches Batteriekabel aus Elektro-Kabel. PVC-beschichtet und isoliert, besteht aus Klasse 5 IEC60228 verzinntem roten Kupferdraht, der maximalen Schutz gegen Korrosion und Elektrolyse bietet. Der Isoliermantel aus einem speziellen, flexiblen, nitrilgummi-basierten, seewasserbest\u00e4ndigen, IEC60332-1 zertifizierten, flammenhemmenden und \u00f6lbest\u00e4ndigen Material.<\/p>\n","protected":false},"excerpt":{"rendered":"<p>Rotes Batteriekabel 16mm2 &#8211; CE-zertifiziertes Seewasser-taugliches Batteriekabel aus Elektro-Kabel. PVC-beschichtet und isoliert, besteht aus Klasse 5 IEC60228 verzinntem roten Kupferdraht,<\/p>\n","protected":false},"featured_media":5947650,"comment_status":"closed","ping_status":"closed","template":"","meta":[],"product_brand":[3215],"product_cat":[1465],"product_tag":[],"class_list":{"0":"post-3445335","1":"product","2":"type-product","3":"status-publish","4":"has-post-thumbnail","6":"product_brand-oceanflex-de","7":"product_cat-bootsbatteriekabel-und-klemmen","9":"first","10":"instock","11":"shipping-taxable","12":"purchasable","13":"product-type-simple"},"_links":{"self":[{"href":"https:\/\/stoic-curie.212-227-153-4.plesk.page\/de\/wp-json\/wp\/v2\/product\/3445335","targetHints":{"allow":["GET"]}}],"collection":[{"href":"https:\/\/stoic-curie.212-227-153-4.plesk.page\/de\/wp-json\/wp\/v2\/product"}],"about":[{"href":"https:\/\/stoic-curie.212-227-153-4.plesk.page\/de\/wp-json\/wp\/v2\/types\/product"}],"replies":[{"embeddable":true,"href":"https:\/\/stoic-curie.212-227-153-4.plesk.page\/de\/wp-json\/wp\/v2\/comments?post=3445335"}],"version-history":[{"count":0,"href":"https:\/\/stoic-curie.212-227-153-4.plesk.page\/de\/wp-json\/wp\/v2\/product\/3445335\/revisions"}],"wp:featuredmedia":[{"embeddable":true,"href":"https:\/\/stoic-curie.212-227-153-4.plesk.page\/de\/wp-json\/wp\/v2\/media\/5947650"}],"wp:attachment":[{"href":"https:\/\/stoic-curie.212-227-153-4.plesk.page\/de\/wp-json\/wp\/v2\/media?parent=3445335"}],"wp:term":[{"taxonomy":"product_brand","embeddable":true,"href":"https:\/\/stoic-curie.212-227-153-4.plesk.page\/de\/wp-json\/wp\/v2\/product_brand?post=3445335"},{"taxonomy":"product_cat","embeddable":true,"href":"https:\/\/stoic-curie.212-227-153-4.plesk.page\/de\/wp-json\/wp\/v2\/product_cat?post=3445335"},{"taxonomy":"product_tag","embeddable":true,"href":"https:\/\/stoic-curie.212-227-153-4.plesk.page\/de\/wp-json\/wp\/v2\/product_tag?post=3445335"}],"curies":[{"name":"wp","href":"https:\/\/api.w.org\/{rel}","templated":true}]}}