{"id":3445441,"date":"2025-10-09T23:06:31","date_gmt":"2025-10-10T03:06:31","guid":{"rendered":"https:\/\/stoic-curie.212-227-153-4.plesk.page\/product\/motorabgas-beluefteter-bogen-fuer-13-16-19-22-25-285-32-38-schlauch-o-mm\/"},"modified":"2026-02-24T23:35:23","modified_gmt":"2026-02-24T23:35:23","slug":"motorabgas-beluefteter-bogen-fuer-13-16-19-22-25-285-32-38-schlauch-o-mm","status":"publish","type":"product","link":"https:\/\/stoic-curie.212-227-153-4.plesk.page\/de\/product\/motorabgas-beluefteter-bogen-fuer-13-16-19-22-25-285-32-38-schlauch-o-mm\/","title":{"rendered":"Motorabgas bel\u00fcfteter Bogen f\u00fcr 13 &#8211; 16 &#8211; 19 &#8211; 22 &#8211; 25 &#8211; 28,5 &#8211; 32 &#8211; 38 Schlauch \u00f8 mm"},"content":{"rendered":"<p>Motorabgas bel\u00fcfteter Bogen f\u00fcr 13 &#8211; 16 &#8211; 19 &#8211; 22 &#8211; 25 &#8211; 28,5 &#8211; 32 &#8211; 38 Schlauch \u00f8 mm &#8211; <\/p>\n<p>Auspuffbel\u00fcftungsschleife f\u00fcr Motoren, die unter der Wasserlinie montiert sind.<\/p>\n","protected":false},"excerpt":{"rendered":"<p>Motorabgas bel\u00fcfteter Bogen f\u00fcr 13 &#8211; 16 &#8211; 19 &#8211; 22 &#8211; 25 &#8211; 28,5 &#8211; 32 &#8211; 38 Schlauch<\/p>\n","protected":false},"featured_media":5948737,"comment_status":"closed","ping_status":"closed","template":"","meta":[],"product_brand":[2855],"product_cat":[1507],"product_tag":[],"class_list":{"0":"post-3445441","1":"product","2":"type-product","3":"status-publish","4":"has-post-thumbnail","6":"product_brand-can-marine-de","7":"product_cat-abgas-wasserperren-und-schalldaempfer","9":"first","10":"instock","11":"shipping-taxable","12":"purchasable","13":"product-type-simple"},"_links":{"self":[{"href":"https:\/\/stoic-curie.212-227-153-4.plesk.page\/de\/wp-json\/wp\/v2\/product\/3445441","targetHints":{"allow":["GET"]}}],"collection":[{"href":"https:\/\/stoic-curie.212-227-153-4.plesk.page\/de\/wp-json\/wp\/v2\/product"}],"about":[{"href":"https:\/\/stoic-curie.212-227-153-4.plesk.page\/de\/wp-json\/wp\/v2\/types\/product"}],"replies":[{"embeddable":true,"href":"https:\/\/stoic-curie.212-227-153-4.plesk.page\/de\/wp-json\/wp\/v2\/comments?post=3445441"}],"version-history":[{"count":0,"href":"https:\/\/stoic-curie.212-227-153-4.plesk.page\/de\/wp-json\/wp\/v2\/product\/3445441\/revisions"}],"wp:featuredmedia":[{"embeddable":true,"href":"https:\/\/stoic-curie.212-227-153-4.plesk.page\/de\/wp-json\/wp\/v2\/media\/5948737"}],"wp:attachment":[{"href":"https:\/\/stoic-curie.212-227-153-4.plesk.page\/de\/wp-json\/wp\/v2\/media?parent=3445441"}],"wp:term":[{"taxonomy":"product_brand","embeddable":true,"href":"https:\/\/stoic-curie.212-227-153-4.plesk.page\/de\/wp-json\/wp\/v2\/product_brand?post=3445441"},{"taxonomy":"product_cat","embeddable":true,"href":"https:\/\/stoic-curie.212-227-153-4.plesk.page\/de\/wp-json\/wp\/v2\/product_cat?post=3445441"},{"taxonomy":"product_tag","embeddable":true,"href":"https:\/\/stoic-curie.212-227-153-4.plesk.page\/de\/wp-json\/wp\/v2\/product_tag?post=3445441"}],"curies":[{"name":"wp","href":"https:\/\/api.w.org\/{rel}","templated":true}]}}